{"id":5854,"date":"2026-04-03T10:13:43","date_gmt":"2026-04-03T07:13:43","guid":{"rendered":"https:\/\/www.galaxygayrimenkul.com\/?page_id=5854"},"modified":"2026-04-15T09:56:27","modified_gmt":"2026-04-15T06:56:27","slug":"iletisim","status":"publish","type":"page","link":"https:\/\/www.galaxygayrimenkul.com\/en\/iletisim\/","title":{"rendered":"\u0130leti\u015fim"},"content":{"rendered":"<div data-elementor-type=\"wp-page\" data-elementor-id=\"5854\" class=\"elementor elementor-5854\">\n\t\t\t\t\t\t<section class=\"elementor-section elementor-top-section elementor-element elementor-element-ccbd3f0 elementor-section-full_width elementor-section-stretched elementor-section-height-default elementor-section-height-default elementor-invisible\" data-id=\"ccbd3f0\" data-element_type=\"section\" data-e-type=\"section\" data-settings=\"{&quot;stretch_section&quot;:&quot;section-stretched&quot;,&quot;animation&quot;:&quot;fadeIn&quot;,&quot;animation_delay&quot;:200}\">\n\t\t\t\t\t\t<div class=\"elementor-container elementor-column-gap-no\">\n\t\t\t\t\t<div class=\"elementor-column elementor-col-100 elementor-top-column elementor-element elementor-element-09ab21c\" data-id=\"09ab21c\" data-element_type=\"column\" data-e-type=\"column\">\n\t\t\t<div class=\"elementor-widget-wrap elementor-element-populated\">\n\t\t\t\t\t\t<div class=\"elementor-element elementor-element-3c520bf elementor-widget elementor-widget-google_maps\" data-id=\"3c520bf\" data-element_type=\"widget\" data-e-type=\"widget\" data-widget_type=\"google_maps.default\">\n\t\t\t\t\t\t\t<div class=\"elementor-custom-embed\">\n\t\t\t<iframe loading=\"lazy\"\n\t\t\t\t\tsrc=\"https:\/\/maps.google.com\/maps?q=H%C3%BCrriyet%20Mah%20Dumlup%C4%B1nar%20Cad%20Uzun%20Plaza%20No%2030%2C%20Kat%207%2C%2034192%20Bah%C3%A7elievler&#038;t=m&#038;z=14&#038;output=embed&#038;iwloc=near\"\n\t\t\t\t\ttitle=\"H\u00fcrriyet Mah Dumlup\u0131nar Cad Uzun Plaza No 30, Kat 7, 34192 Bah\u00e7elievler\"\n\t\t\t\t\taria-label=\"H\u00fcrriyet Mah Dumlup\u0131nar Cad Uzun Plaza No 30, Kat 7, 34192 Bah\u00e7elievler\"\n\t\t\t><\/iframe>\n\t\t<\/div>\n\t\t\t\t\t\t<\/div>\n\t\t\t\t\t<\/div>\n\t\t<\/div>\n\t\t\t\t\t<\/div>\n\t\t<\/section>\n\t\t\t\t<section class=\"elementor-section elementor-top-section elementor-element elementor-element-eee9103 elementor-section-stretched elementor-section-content-middle elementor-section-boxed elementor-section-height-default elementor-section-height-default\" data-id=\"eee9103\" data-element_type=\"section\" data-e-type=\"section\" data-settings=\"{&quot;stretch_section&quot;:&quot;section-stretched&quot;}\">\n\t\t\t\t\t\t<div class=\"elementor-container elementor-column-gap-extended\">\n\t\t\t\t\t<div class=\"elementor-column elementor-col-33 elementor-top-column elementor-element elementor-element-883f4e3 elementor-invisible\" data-id=\"883f4e3\" data-element_type=\"column\" data-e-type=\"column\" data-settings=\"{&quot;background_background&quot;:&quot;classic&quot;,&quot;animation&quot;:&quot;scale&quot;,&quot;animation_delay&quot;:200}\">\n\t\t\t<div class=\"elementor-widget-wrap elementor-element-populated\">\n\t\t\t\t\t\t<div class=\"elementor-element elementor-element-70c8af9 elementor-widget elementor-widget-shortcode\" data-id=\"70c8af9\" data-element_type=\"widget\" data-e-type=\"widget\" data-widget_type=\"shortcode.default\">\n\t\t\t\t\t\t\t<div class=\"elementor-shortcode\">\n<div class=\"wpcf7 no-js\" id=\"wpcf7-f5309-o1\" lang=\"en-US\" dir=\"ltr\" data-wpcf7-id=\"5309\">\n<div class=\"screen-reader-response\"><p role=\"status\" aria-live=\"polite\" aria-atomic=\"true\"><\/p> <ul><\/ul><\/div>\n<form action=\"\/en\/wp-json\/wp\/v2\/pages\/5854#wpcf7-f5309-o1\" method=\"post\" class=\"wpcf7-form init\" aria-label=\"Contact form\" novalidate=\"novalidate\" data-status=\"init\" data-trp-original-action=\"\/en\/wp-json\/wp\/v2\/pages\/5854#wpcf7-f5309-o1\">\n<fieldset class=\"hidden-fields-container\"><input type=\"hidden\" name=\"_wpcf7\" value=\"5309\" \/><input type=\"hidden\" name=\"_wpcf7_version\" value=\"6.1.5\" \/><input type=\"hidden\" name=\"_wpcf7_locale\" value=\"en_US\" \/><input type=\"hidden\" name=\"_wpcf7_unit_tag\" value=\"wpcf7-f5309-o1\" \/><input type=\"hidden\" name=\"_wpcf7_container_post\" value=\"0\" \/><input type=\"hidden\" name=\"_wpcf7_posted_data_hash\" value=\"\" \/>\n<\/fieldset>\n<div class=\"get-touch\">\n\t<div class=\"mb-4\">\n\t\t<h3 class=\"title fs-20\">Bizimle \u0130leti\u015fime Ge\u00e7in\n\t\t<\/h3>\n\t\t<p>Gayrimenkul dan\u0131\u015fmanl\u0131\u011f\u0131, portf\u00f6ylerimiz ve t\u00fcm sorular\u0131n\u0131z i\u00e7in formu doldurabilirsiniz.\n\t\t<\/p>\n\t<\/div>\n\t<div class=\"row\">\n\t\t<div class=\"col-12 col-sm-6\">\n\t\t\t<p><label>Ad\u0131n\u0131z<\/label><br \/>\n<span class=\"wpcf7-form-control-wrap\" data-name=\"first-name\"><input size=\"40\" maxlength=\"400\" class=\"wpcf7-form-control wpcf7-text wpcf7-validates-as-required form-control\" aria-required=\"true\" aria-invalid=\"false\" placeholder=\"Ad\u0131n\u0131z\" value=\"\" type=\"text\" name=\"first-name\" \/><\/span>\n\t\t\t<\/p>\n\t\t<\/div>\n\t\t<div class=\"col-12 col-sm-6\">\n\t\t\t<p><label>Soyad\u0131n\u0131z<\/label><br \/>\n<span class=\"wpcf7-form-control-wrap\" data-name=\"last-name\"><input size=\"40\" maxlength=\"400\" class=\"wpcf7-form-control wpcf7-text wpcf7-validates-as-required form-control\" aria-required=\"true\" aria-invalid=\"false\" placeholder=\"Soyad\u0131n\u0131z\" value=\"\" type=\"text\" name=\"last-name\" \/><\/span>\n\t\t\t<\/p>\n\t\t<\/div>\n\t<\/div>\n\t<div class=\"row\">\n\t\t<div class=\"col-12 col-sm-6\">\n\t\t\t<p><label>Telefon<\/label><br \/>\n<span class=\"wpcf7-form-control-wrap\" data-name=\"your-phone\"><input size=\"40\" maxlength=\"400\" class=\"wpcf7-form-control wpcf7-tel wpcf7-text wpcf7-validates-as-tel form-control\" aria-invalid=\"false\" placeholder=\"05xx xxx xx xx\" value=\"\" type=\"tel\" name=\"your-phone\" \/><\/span>\n\t\t\t<\/p>\n\t\t<\/div>\n\t\t<div class=\"col-12 col-sm-6\">\n\t\t\t<p><label>E-posta<\/label><br \/>\n<span class=\"wpcf7-form-control-wrap\" data-name=\"your-email\"><input size=\"40\" maxlength=\"400\" class=\"wpcf7-form-control wpcf7-email wpcf7-validates-as-required wpcf7-text wpcf7-validates-as-email form-control\" aria-required=\"true\" aria-invalid=\"false\" placeholder=\"ornek@mail.com\" value=\"\" type=\"email\" name=\"your-email\" \/><\/span>\n\t\t\t<\/p>\n\t\t<\/div>\n\t<\/div>\n\t<p><label>Konu<\/label><br \/>\n<span class=\"wpcf7-form-control-wrap\" data-name=\"your-subject\"><input size=\"40\" maxlength=\"400\" class=\"wpcf7-form-control wpcf7-text form-control\" aria-invalid=\"false\" placeholder=\"Konu\" value=\"\" type=\"text\" name=\"your-subject\" \/><\/span>\n\t<\/p>\n\t<p><label>Mesaj\u0131n\u0131z<\/label><br \/>\n<span class=\"wpcf7-form-control-wrap\" data-name=\"your-message\"><textarea cols=\"40\" rows=\"10\" maxlength=\"2000\" class=\"wpcf7-form-control wpcf7-textarea wpcf7-validates-as-required form-control\" aria-required=\"true\" aria-invalid=\"false\" placeholder=\"Mesaj\u0131n\u0131z\u0131 buraya yaz\u0131n\" name=\"your-message\"><\/textarea><\/span>\n\t<\/p>\n\t<p><button class=\"btn btn-theme btn-inverse w-100\" type=\"submit\">G\u00f6nder<\/button>\n\t<\/p>\n<\/div><div class=\"wpcf7-response-output\" aria-hidden=\"true\"><\/div>\n<input type=\"hidden\" name=\"trp-form-language\" value=\"en\"\/><\/form>\n<\/div>\n<\/div>\n\t\t\t\t\t\t<\/div>\n\t\t\t\t\t<\/div>\n\t\t<\/div>\n\t\t\t\t<div class=\"elementor-column elementor-col-33 elementor-top-column elementor-element elementor-element-67cac10\" data-id=\"67cac10\" data-element_type=\"column\" data-e-type=\"column\">\n\t\t\t<div class=\"elementor-widget-wrap\">\n\t\t\t\t\t\t\t<\/div>\n\t\t<\/div>\n\t\t\t\t<div class=\"elementor-column elementor-col-33 elementor-top-column elementor-element elementor-element-0592dc6 elementor-invisible\" data-id=\"0592dc6\" data-element_type=\"column\" data-e-type=\"column\" data-settings=\"{&quot;animation&quot;:&quot;slide-up&quot;,&quot;animation_delay&quot;:500}\">\n\t\t\t<div class=\"elementor-widget-wrap elementor-element-populated\">\n\t\t\t\t\t\t<div class=\"elementor-element elementor-element-0fbf632 elementor-widget elementor-widget-heading\" data-id=\"0fbf632\" data-element_type=\"widget\" data-e-type=\"widget\" data-widget_type=\"heading.default\">\n\t\t\t\t\t<h2 class=\"elementor-heading-title elementor-size-default\">G\u00f6r\u00fc\u015flerinizi bekliyoruz.<\/h2>\t\t\t\t<\/div>\n\t\t\t\t<div class=\"elementor-element elementor-element-8f5aa6f elementor-widget elementor-widget-text-editor\" data-id=\"8f5aa6f\" data-element_type=\"widget\" data-e-type=\"widget\" data-widget_type=\"text-editor.default\">\n\t\t\t\t\t\t\t\t\t<p>Her t\u00fcrl\u00fc sorunuzu yan\u0131tlamak i\u00e7in buraday\u0131z. Kurumsal ve Bireysel t\u00fcm m\u00fc\u015fterilerimizin i\u015f orta\u011f\u0131 olarak, size hizemt vermekten mutluluk duyar\u0131z<\/p>\t\t\t\t\t\t\t\t<\/div>\n\t\t\t\t\t<\/div>\n\t\t<\/div>\n\t\t\t\t\t<\/div>\n\t\t<\/section>\n\t\t\t\t<section class=\"elementor-section elementor-top-section elementor-element elementor-element-31b7fea elementor-section-stretched elementor-section-boxed elementor-section-height-default elementor-section-height-default\" data-id=\"31b7fea\" data-element_type=\"section\" data-e-type=\"section\" data-settings=\"{&quot;stretch_section&quot;:&quot;section-stretched&quot;}\">\n\t\t\t\t\t\t<div class=\"elementor-container elementor-column-gap-extended\">\n\t\t\t\t\t<div class=\"elementor-column elementor-col-100 elementor-top-column elementor-element elementor-element-f20843d elementor-invisible\" data-id=\"f20843d\" data-element_type=\"column\" data-e-type=\"column\" data-settings=\"{&quot;animation&quot;:&quot;slide-up&quot;}\">\n\t\t\t<div class=\"elementor-widget-wrap elementor-element-populated\">\n\t\t\t\t\t\t<div class=\"elementor-element elementor-element-230fc14 elementor-widget elementor-widget-heading\" data-id=\"230fc14\" data-element_type=\"widget\" data-e-type=\"widget\" data-widget_type=\"heading.default\">\n\t\t\t\t\t<h2 class=\"elementor-heading-title elementor-size-default\">Adresimiz<\/h2>\t\t\t\t<\/div>\n\t\t\t\t<div class=\"elementor-element elementor-element-34a4620 elementor-widget elementor-widget-text-editor\" data-id=\"34a4620\" data-element_type=\"widget\" data-e-type=\"widget\" data-widget_type=\"text-editor.default\">\n\t\t\t\t\t\t\t\t\t<p>Sizleri misafir etmekten mutluluk duyar\u0131z<\/p>\t\t\t\t\t\t\t\t<\/div>\n\t\t\t\t\t<\/div>\n\t\t<\/div>\n\t\t\t\t\t<\/div>\n\t\t<\/section>\n\t\t\t\t<section class=\"elementor-section elementor-top-section elementor-element elementor-element-5402f63 elementor-section-stretched elementor-section-boxed elementor-section-height-default elementor-section-height-default\" data-id=\"5402f63\" data-element_type=\"section\" data-e-type=\"section\" data-settings=\"{&quot;stretch_section&quot;:&quot;section-stretched&quot;}\">\n\t\t\t\t\t\t<div class=\"elementor-container elementor-column-gap-extended\">\n\t\t\t\t\t<div class=\"elementor-column elementor-col-100 elementor-top-column elementor-element elementor-element-3a560a6 elementor-invisible\" data-id=\"3a560a6\" data-element_type=\"column\" data-e-type=\"column\" data-settings=\"{&quot;background_background&quot;:&quot;classic&quot;,&quot;animation&quot;:&quot;scale&quot;}\">\n\t\t\t<div class=\"elementor-widget-wrap elementor-element-populated\">\n\t\t\t\t\t\t<div class=\"elementor-element elementor-element-4547c33 elementor-widget elementor-widget-image\" data-id=\"4547c33\" data-element_type=\"widget\" data-e-type=\"widget\" data-widget_type=\"image.default\">\n\t\t\t\t\t\t\t\t\t\t\t\t\t\t\t<img fetchpriority=\"high\" decoding=\"async\" width=\"1600\" height=\"1600\" src=\"https:\/\/www.galaxygayrimenkul.com\/wp-content\/uploads\/2026\/04\/galata-tower-istanbul-svgrepo-com.png\" class=\"attachment-full size-full wp-image-5904\" alt=\"\" srcset=\"https:\/\/www.galaxygayrimenkul.com\/wp-content\/uploads\/2026\/04\/galata-tower-istanbul-svgrepo-com.png 1600w, https:\/\/www.galaxygayrimenkul.com\/wp-content\/uploads\/2026\/04\/galata-tower-istanbul-svgrepo-com-300x300.png 300w, https:\/\/www.galaxygayrimenkul.com\/wp-content\/uploads\/2026\/04\/galata-tower-istanbul-svgrepo-com-1024x1024.png 1024w, https:\/\/www.galaxygayrimenkul.com\/wp-content\/uploads\/2026\/04\/galata-tower-istanbul-svgrepo-com-150x150.png 150w, https:\/\/www.galaxygayrimenkul.com\/wp-content\/uploads\/2026\/04\/galata-tower-istanbul-svgrepo-com-768x768.png 768w, https:\/\/www.galaxygayrimenkul.com\/wp-content\/uploads\/2026\/04\/galata-tower-istanbul-svgrepo-com-1536x1536.png 1536w, https:\/\/www.galaxygayrimenkul.com\/wp-content\/uploads\/2026\/04\/galata-tower-istanbul-svgrepo-com-600x600.png 600w, https:\/\/www.galaxygayrimenkul.com\/wp-content\/uploads\/2026\/04\/galata-tower-istanbul-svgrepo-com-410x410.png 410w\" sizes=\"(max-width: 1600px) 100vw, 1600px\" \/>\t\t\t\t\t\t\t\t\t\t\t\t\t\t\t<\/div>\n\t\t\t\t<div class=\"elementor-element elementor-element-bc7fe8b elementor-widget elementor-widget-heading\" data-id=\"bc7fe8b\" data-element_type=\"widget\" data-e-type=\"widget\" data-widget_type=\"heading.default\">\n\t\t\t\t\t<h2 class=\"elementor-heading-title elementor-size-default\">\u0130stanbul<\/h2>\t\t\t\t<\/div>\n\t\t\t\t<div class=\"elementor-element elementor-element-082b8fd elementor-widget elementor-widget-text-editor\" data-id=\"082b8fd\" data-element_type=\"widget\" data-e-type=\"widget\" data-widget_type=\"text-editor.default\">\n\t\t\t\t\t\t\t\t\t<p>H\u00fcrriyet Mah Dumlup\u0131nar Cad Uzun Plaza No 30, Kat 7, 34192 Bah\u00e7elievler<\/p>\t\t\t\t\t\t\t\t<\/div>\n\t\t\t\t<div class=\"elementor-element elementor-element-47f9dfe elementor-widget elementor-widget-text-editor\" data-id=\"47f9dfe\" data-element_type=\"widget\" data-e-type=\"widget\" data-widget_type=\"text-editor.default\">\n\t\t\t\t\t\t\t\t\t<p><a href=\"tel: +905326701867\">+90 532 670 18 67<\/a><\/p>\t\t\t\t\t\t\t\t<\/div>\n\t\t\t\t<div class=\"elementor-element elementor-element-7d8cbe8 elementor-widget elementor-widget-text-editor\" data-id=\"7d8cbe8\" data-element_type=\"widget\" data-e-type=\"widget\" data-widget_type=\"text-editor.default\">\n\t\t\t\t\t\t\t\t\t<p><a href=\"mailto:info@galaxygayrimenkul.com\">info@galaxygayrimenkul.com<\/a><\/p>\t\t\t\t\t\t\t\t<\/div>\n\t\t\t\t\t<\/div>\n\t\t<\/div>\n\t\t\t\t\t<\/div>\n\t\t<\/section>\n\t\t\t\t<section class=\"elementor-section elementor-top-section elementor-element elementor-element-69b0e5d elementor-section-stretched elementor-section-content-middle elementor-section-boxed elementor-section-height-default elementor-section-height-default\" data-id=\"69b0e5d\" data-element_type=\"section\" data-e-type=\"section\" data-settings=\"{&quot;stretch_section&quot;:&quot;section-stretched&quot;}\">\n\t\t\t\t\t\t<div class=\"elementor-container elementor-column-gap-no\">\n\t\t\t\t\t<div class=\"elementor-column elementor-col-100 elementor-top-column elementor-element elementor-element-84dd21f\" data-id=\"84dd21f\" data-element_type=\"column\" data-e-type=\"column\" data-settings=\"{&quot;background_background&quot;:&quot;classic&quot;}\">\n\t\t\t<div class=\"elementor-widget-wrap elementor-element-populated\">\n\t\t\t\t\t\t<section class=\"elementor-section elementor-inner-section elementor-element elementor-element-0d01f01 elementor-section-boxed elementor-section-height-default elementor-section-height-default\" data-id=\"0d01f01\" data-element_type=\"section\" data-e-type=\"section\">\n\t\t\t\t\t\t<div class=\"elementor-container elementor-column-gap-extended\">\n\t\t\t\t\t<div class=\"elementor-column elementor-col-50 elementor-inner-column elementor-element elementor-element-8ad9d1f elementor-invisible\" data-id=\"8ad9d1f\" data-element_type=\"column\" data-e-type=\"column\" data-settings=\"{&quot;animation&quot;:&quot;slide-right&quot;}\">\n\t\t\t<div class=\"elementor-widget-wrap elementor-element-populated\">\n\t\t\t\t\t\t<div class=\"elementor-element elementor-element-94404a2 elementor-widget elementor-widget-heading\" data-id=\"94404a2\" data-element_type=\"widget\" data-e-type=\"widget\" data-widget_type=\"heading.default\">\n\t\t\t\t\t<h2 class=\"elementor-heading-title elementor-size-default\">Do\u011fru Yat\u0131r\u0131m \u0130\u00e7in Do\u011fru Adrestesiniz<\/h2>\t\t\t\t<\/div>\n\t\t\t\t<div class=\"elementor-element elementor-element-d85e719 elementor-widget elementor-widget-text-editor\" data-id=\"d85e719\" data-element_type=\"widget\" data-e-type=\"widget\" data-widget_type=\"text-editor.default\">\n\t\t\t\t\t\t\t\t\t<p data-start=\"3724\" data-end=\"3836\">Gayrimenkul yat\u0131r\u0131mlar\u0131n\u0131z\u0131 g\u00fcvenli ve profesyonel bir \u015fekilde y\u00f6netmek i\u00e7in bizimle ileti\u015fime ge\u00e7in.<\/p>\t\t\t\t\t\t\t\t<\/div>\n\t\t\t\t\t<\/div>\n\t\t<\/div>\n\t\t\t\t<div class=\"elementor-column elementor-col-50 elementor-inner-column elementor-element elementor-element-bdc44ae\" data-id=\"bdc44ae\" data-element_type=\"column\" data-e-type=\"column\">\n\t\t\t<div class=\"elementor-widget-wrap elementor-element-populated\">\n\t\t\t\t\t\t<div class=\"elementor-element elementor-element-a2eef77 elementor-widget__width-auto elementor-invisible elementor-widget elementor-widget-button\" data-id=\"a2eef77\" data-element_type=\"widget\" data-e-type=\"widget\" data-settings=\"{&quot;_animation&quot;:&quot;slide-left&quot;,&quot;_animation_delay&quot;:200}\" data-widget_type=\"button.default\">\n\t\t\t\t\t\t\t\t\t\t<a class=\"elementor-button elementor-button-link elementor-size-md\" href=\"\/en\/iletisim\/\">\n\t\t\t\t\t\t<span class=\"elementor-button-content-wrapper\">\n\t\t\t\t\t\t<span class=\"elementor-button-icon\">\n\t\t\t\t<svg xmlns=\"http:\/\/www.w3.org\/2000\/svg\" width=\"16\" height=\"17\" viewbox=\"0 0 16 17\" fill=\"currentColor\"><path d=\"M15.5553 0.670898H5.77756C5.53189 0.670898 5.3331 0.86969 5.3331 1.11536C5.3331 1.36102 5.53189 1.55982 5.77756 1.55982H14.4824L0.129975 15.9122C-0.0436504 16.0859 -0.0436504 16.3671 0.129975 16.5407C0.216766 16.6275 0.330516 16.6709 0.444225 16.6709C0.557933 16.6709 0.671641 16.6275 0.758475 16.5407L15.1109 2.18827V10.8931C15.1109 11.1388 15.3097 11.3376 15.5553 11.3376C15.801 11.3376 15.9998 11.1388 15.9998 10.8931V1.11536C15.9998 0.86969 15.801 0.670898 15.5553 0.670898Z\" fill=\"currentColor\"><\/path><\/svg>\t\t\t<\/span>\n\t\t\t\t\t\t\t\t\t<span class=\"elementor-button-text\">Bize Ula\u015f\u0131n<\/span>\n\t\t\t\t\t<\/span>\n\t\t\t\t\t<\/a>\n\t\t\t\t\t\t\t\t<\/div>\n\t\t\t\t<div class=\"elementor-element elementor-element-452264c elementor-widget__width-auto elementor-invisible elementor-widget elementor-widget-button\" data-id=\"452264c\" data-element_type=\"widget\" data-e-type=\"widget\" data-settings=\"{&quot;_animation&quot;:&quot;slide-left&quot;,&quot;_animation_delay&quot;:350}\" data-widget_type=\"button.default\">\n\t\t\t\t\t\t\t\t\t\t<a class=\"elementor-button elementor-button-link elementor-size-md\" href=\"tel:\u202a+905326701867\">\n\t\t\t\t\t\t<span class=\"elementor-button-content-wrapper\">\n\t\t\t\t\t\t<span class=\"elementor-button-icon\">\n\t\t\t\t<svg xmlns=\"http:\/\/www.w3.org\/2000\/svg\" width=\"16\" height=\"17\" viewbox=\"0 0 16 17\" fill=\"currentColor\"><path d=\"M15.35 10.5099L13.93 9.0899C13.6249 8.79862 13.2193 8.63609 12.7975 8.63609C12.3757 8.63609 11.9701 8.79862 11.665 9.0899L11.165 9.5899C10.8258 9.9279 10.3664 10.1177 9.88752 10.1177C9.40864 10.1177 8.94927 9.9279 8.61002 9.5899C8.22502 9.2049 7.98002 8.9449 7.73502 8.6899C7.49002 8.4349 7.23502 8.1599 6.83502 7.7649C6.49733 7.42651 6.30768 6.96797 6.30768 6.4899C6.30768 6.01184 6.49733 5.5533 6.83502 5.2149L7.33502 4.7149C7.48413 4.56693 7.60243 4.39089 7.6831 4.19693C7.76377 4.00298 7.80521 3.79496 7.80502 3.5849C7.80321 3.16105 7.63433 2.75502 7.33502 2.4549L5.91502 1.0249C5.51388 0.625479 4.97111 0.400822 4.40502 0.399902C4.12618 0.400313 3.85016 0.455729 3.59276 0.562977C3.33537 0.670225 3.10166 0.827196 2.90502 1.0249L1.55002 2.3699C0.573589 3.3477 0.0251465 4.67305 0.0251465 6.0549C0.0251465 7.43675 0.573589 8.76211 1.55002 9.7399C2.33002 10.5199 3.22002 11.3999 4.10502 12.3199C4.99002 13.2399 5.86002 14.0999 6.63502 14.8999C7.61261 15.8748 8.9369 16.4223 10.3175 16.4223C11.6982 16.4223 13.0224 15.8748 14 14.8999L15.35 13.5499C15.747 13.1512 15.9715 12.6125 15.975 12.0499C15.98 11.7643 15.9271 11.4807 15.8197 11.2161C15.7123 10.9515 15.5526 10.7113 15.35 10.5099ZM14.595 12.7749L14.45 12.8999L13 11.4449C12.9517 11.3899 12.8927 11.3454 12.8265 11.3141C12.7604 11.2828 12.6885 11.2654 12.6153 11.2631C12.5422 11.2607 12.4693 11.2733 12.4012 11.3002C12.3332 11.3271 12.2714 11.3677 12.2196 11.4195C12.1678 11.4712 12.1273 11.5331 12.1004 11.6011C12.0735 11.6692 12.0608 11.742 12.0632 11.8152C12.0656 11.8884 12.0829 11.9602 12.1142 12.0264C12.1455 12.0926 12.19 12.1516 12.245 12.1999L13.72 13.6749L13.27 14.1249C12.4921 14.9004 11.4385 15.3359 10.34 15.3359C9.24158 15.3359 8.18793 14.9004 7.41002 14.1249C6.64002 13.3549 5.76502 12.4649 4.91002 11.5749C4.05502 10.6849 3.13002 9.7699 2.35002 8.9899C1.57449 8.21199 1.139 7.15835 1.139 6.0599C1.139 4.96145 1.57449 3.90781 2.35002 3.1299L2.80002 2.6799L4.22502 4.1499C4.32448 4.25267 4.46069 4.31173 4.60369 4.31407C4.74668 4.31642 4.88475 4.26186 4.98752 4.1624C5.0903 4.06295 5.14935 3.92674 5.15169 3.78374C5.15404 3.64074 5.09948 3.50267 5.00002 3.3999L3.50002 1.8999L3.64502 1.7549C3.74356 1.65477 3.8611 1.57533 3.99075 1.52124C4.1204 1.46715 4.25954 1.4395 4.40002 1.4399C4.68348 1.44075 4.95502 1.55404 5.15502 1.7549L6.58002 3.1999C6.67893 3.2997 6.7346 3.4344 6.73502 3.5749C6.73509 3.64453 6.72143 3.71348 6.69483 3.77782C6.66824 3.84217 6.62922 3.90064 6.58002 3.9499L6.08002 4.4499C5.54265 4.98883 5.24088 5.71884 5.24088 6.4799C5.24088 7.24096 5.54265 7.97097 6.08002 8.5099C6.50002 8.8999 6.73002 9.1449 7.00002 9.3999C7.27002 9.6549 7.50002 9.9299 7.89502 10.3199C8.43395 10.8573 9.16396 11.159 9.92502 11.159C10.6861 11.159 11.4161 10.8573 11.955 10.3199L12.455 9.8199C12.5571 9.72356 12.6922 9.66989 12.8325 9.66989C12.9729 9.66989 13.1079 9.72356 13.21 9.8199L14.63 11.2399C14.7299 11.3386 14.8092 11.4562 14.8633 11.5858C14.9174 11.7154 14.9452 11.8545 14.945 11.9949C14.9425 12.1411 14.9101 12.2852 14.8499 12.4185C14.7897 12.5517 14.703 12.6713 14.595 12.7699V12.7749Z\" fill=\"currentColor\"><\/path><\/svg>\t\t\t<\/span>\n\t\t\t\t\t\t\t\t\t<span class=\"elementor-button-text\">+90 532 670 18 67<\/span>\n\t\t\t\t\t<\/span>\n\t\t\t\t\t<\/a>\n\t\t\t\t\t\t\t\t<\/div>\n\t\t\t\t\t<\/div>\n\t\t<\/div>\n\t\t\t\t\t<\/div>\n\t\t<\/section>\n\t\t\t\t\t<\/div>\n\t\t<\/div>\n\t\t\t\t\t<\/div>\n\t\t<\/section>\n\t\t\t\t<\/div>","protected":false},"excerpt":{"rendered":"<p>G\u00f6r\u00fc\u015flerinizi bekliyoruz. Her t\u00fcrl\u00fc sorunuzu yan\u0131tlamak i\u00e7in buraday\u0131z. Kurumsal ve Bireysel t\u00fcm m\u00fc\u015fterilerimizin i\u015f orta\u011f\u0131 olarak, size hizemt vermekten mutluluk duyar\u0131z Adresimiz Sizleri misafir etmekten mutluluk duyar\u0131z \u0130stanbul H\u00fcrriyet Mah Dumlup\u0131nar Cad Uzun Plaza No 30, Kat 7, 34192 Bah\u00e7elievler +90 532 670 18 67 info@galaxygayrimenkul.com Do\u011fru Yat\u0131r\u0131m \u0130\u00e7in Do\u011fru Adrestesiniz Gayrimenkul yat\u0131r\u0131mlar\u0131n\u0131z\u0131 g\u00fcvenli ve [&hellip;]<\/p>\n","protected":false},"author":1,"featured_media":0,"parent":0,"menu_order":0,"comment_status":"closed","ping_status":"closed","template":"","meta":{"inline_featured_image":false,"footnotes":""},"class_list":["post-5854","page","type-page","status-publish","hentry"],"_links":{"self":[{"href":"https:\/\/www.galaxygayrimenkul.com\/en\/wp-json\/wp\/v2\/pages\/5854","targetHints":{"allow":["GET"]}}],"collection":[{"href":"https:\/\/www.galaxygayrimenkul.com\/en\/wp-json\/wp\/v2\/pages"}],"about":[{"href":"https:\/\/www.galaxygayrimenkul.com\/en\/wp-json\/wp\/v2\/types\/page"}],"author":[{"embeddable":true,"href":"https:\/\/www.galaxygayrimenkul.com\/en\/wp-json\/wp\/v2\/users\/1"}],"replies":[{"embeddable":true,"href":"https:\/\/www.galaxygayrimenkul.com\/en\/wp-json\/wp\/v2\/comments?post=5854"}],"version-history":[{"count":28,"href":"https:\/\/www.galaxygayrimenkul.com\/en\/wp-json\/wp\/v2\/pages\/5854\/revisions"}],"predecessor-version":[{"id":6525,"href":"https:\/\/www.galaxygayrimenkul.com\/en\/wp-json\/wp\/v2\/pages\/5854\/revisions\/6525"}],"wp:attachment":[{"href":"https:\/\/www.galaxygayrimenkul.com\/en\/wp-json\/wp\/v2\/media?parent=5854"}],"curies":[{"name":"wp","href":"https:\/\/api.w.org\/{rel}","templated":true}]}}