{"id":5857,"date":"2026-04-03T10:15:36","date_gmt":"2026-04-03T07:15:36","guid":{"rendered":"https:\/\/www.galaxygayrimenkul.com\/?page_id=5857"},"modified":"2026-04-07T01:20:02","modified_gmt":"2026-04-06T22:20:02","slug":"portfoylerimiz","status":"publish","type":"page","link":"https:\/\/www.galaxygayrimenkul.com\/en\/portfoylerimiz\/","title":{"rendered":"Portf\u00f6ylerimiz"},"content":{"rendered":"\t\t<div data-elementor-type=\"wp-page\" data-elementor-id=\"5857\" class=\"elementor elementor-5857\">\n\t\t\t\t<div class=\"elementor-element elementor-element-3458406f e-flex e-con-boxed e-con e-parent\" data-id=\"3458406f\" data-element_type=\"container\" data-e-type=\"container\">\n\t\t\t\t\t<div class=\"e-con-inner\">\n\t\t\t\t<div class=\"elementor-element elementor-element-99fecfc elementor-widget elementor-widget-shortcode\" data-id=\"99fecfc\" data-element_type=\"widget\" data-e-type=\"widget\" data-widget_type=\"shortcode.default\">\n\t\t\t\t\t\t\t<div class=\"elementor-shortcode\"><div class=\"properties-listing-wrapper main-items-wrapper\" data-display_mode=\"grid\">\n\t<div class=\"properties-ordering-wrapper \">\n<div class=\"results-count\">\n\tShowing all 2 results<\/div>\t<div class=\"ordering-display-mode-wrapper d-flex align-items-center\">\r\n\t<div class=\"properties-ordering\">\n\t<form class=\"properties-ordering\" method=\"get\" action=\"https:\/\/www.galaxygayrimenkul.com\/en\/?page_id=1370\">\n\t\t<div class=\"label\">Sort by:<\/div>\n\t\t<select name=\"filter-orderby\" class=\"orderby\" data-placeholder=\"Sort by\">\n\t\t\t\t\t\t\t<option value=\"menu_order\"  selected='selected'>Default<\/option>\n\t\t\t\t\t\t\t<option value=\"newest\" >Newest<\/option>\n\t\t\t\t\t\t\t<option value=\"oldest\" >Oldest<\/option>\n\t\t\t\t\t\t\t<option value=\"price-lowest\" >Lowest Price<\/option>\n\t\t\t\t\t\t\t<option value=\"price-highest\" >Highest Price<\/option>\n\t\t\t\t\t\t\t<option value=\"random\" >Random<\/option>\n\t\t\t\t\t<\/select>\n\t\t<input type=\"hidden\" name=\"paged\" value=\"1\" \/>\n\t\t\t<\/form>\n<\/div><div class=\"properties-display-mode-wrapper\">\r\n\t\t<form class=\"properties-display-mode\" method=\"get\" action=\"https:\/\/www.galaxygayrimenkul.com\/en\/?page_id=1370\">\r\n\t\t\t<div class=\"inner\">\r\n\t\t\t\t<label for=\"filter-display-mode-grid\">\r\n\t\t\t\t\t<input id=\"filter-display-mode-grid\" type=\"radio\" name=\"filter-display-mode\" value=\"grid\"  checked='checked'>\r\n\t\t\t\t\t<span>Grid<\/span>\r\n\t\t\t\t<\/label>\r\n\t\t\t\t<label for=\"filter-display-mode-list\">\r\n\t\t\t\t\t<input id=\"filter-display-mode-list\" type=\"radio\" name=\"filter-display-mode\" value=\"list\" >\r\n\t\t\t\t\t<span>List<\/span>\r\n\t\t\t\t<\/label>\r\n\t\t\t<\/div>\r\n\t\t\t\t\t<\/form>\r\n\t<\/div>\t<\/div>\r\n\t<\/div>\n\n\t\t\t\t\t<div class=\"properties-wrapper items-wrapper clearfix\">\n\t\t\t\t\t\t\t<div class=\"row\">\n\t\t\t\t\t\t\t\t\t\t\t<div class=\"col-sm-6 col-md-6 col-lg-6 col-xl-6 col-ct-12 col-12\">\n\t\t\t\t\t\t\t\n\n<article class=\"map-item property-grid property-item post-5774 property type-property status-publish has-post-thumbnail hentry property_type-konut property_type-villa property_location-ankara property_status-kiralik property_label-kiralandi property_amenity-alarmyangin property_amenity-ankastre-esya property_amenity-beyaz-esya property_amenity-cocuk-parki property_amenity-fiber-internet property_amenity-intercom-sistemi property_amenity-kamera-sistemi property_amenity-klima property_amenity-kombi property_amenity-parke-zemin property_amenity-spor-salonu property_amenity-uydu-tv property_material-block property_material-brick property_material-rock\" data-latitude=\"39.977713\" data-longitude=\"32.8669801\" data-img=\"https:\/\/www.galaxygayrimenkul.com\/wp-content\/uploads\/2023\/02\/p18-570x370.jpg\" data-images=\"[&quot;https:\\\/\\\/www.galaxygayrimenkul.com\\\/wp-content\\\/uploads\\\/2023\\\/02\\\/p18-570x370.jpg&quot;,&quot;https:\\\/\\\/www.galaxygayrimenkul.com\\\/wp-content\\\/uploads\\\/2023\\\/02\\\/p15-570x370.jpg&quot;,&quot;https:\\\/\\\/www.galaxygayrimenkul.com\\\/wp-content\\\/uploads\\\/2023\\\/02\\\/p14-570x370.jpg&quot;,&quot;https:\\\/\\\/www.galaxygayrimenkul.com\\\/wp-content\\\/uploads\\\/2023\\\/02\\\/p13-570x370.jpg&quot;,&quot;https:\\\/\\\/www.galaxygayrimenkul.com\\\/wp-content\\\/uploads\\\/2023\\\/02\\\/p12-570x370.jpg&quot;,&quot;https:\\\/\\\/www.galaxygayrimenkul.com\\\/wp-content\\\/uploads\\\/2023\\\/02\\\/p11-570x370.jpg&quot;,&quot;https:\\\/\\\/www.galaxygayrimenkul.com\\\/wp-content\\\/uploads\\\/2023\\\/02\\\/p17-570x370.jpg&quot;,&quot;https:\\\/\\\/www.galaxygayrimenkul.com\\\/wp-content\\\/uploads\\\/2023\\\/02\\\/p16-570x370.jpg&quot;]\">\n\n    <div class=\"property-thumbnail-wrapper\">\n                <div class=\"image-thumbnail\">\r\n        <a class=\"property-image\" href=\"https:\/\/www.galaxygayrimenkul.com\/en\/property\/ankara-kiralik-villa\/\">\r\n        \t<div class=\"image-wrapper\"><img fetchpriority=\"high\" decoding=\"async\" width=\"570\" height=\"370\" src=\"https:\/\/www.galaxygayrimenkul.com\/wp-content\/uploads\/2023\/02\/p18-570x370.jpg\" class=\"attachment-homez-property-grid size-homez-property-grid\" alt=\"\" \/><\/div>        <\/a>\r\n    <\/div>\r\n                                    <div class=\"top-label d-flex align-items-center\">\n                                                    <span class=\"featured-property \"><i class=\"flaticon-electricity\"><\/i>Featured<\/span>                                                                            <a class=\"label-property-label\" href=\"https:\/\/www.galaxygayrimenkul.com\/en\/property-label\/kiralandi\/\" style=\"\">Kiraland\u0131<\/a>                                            <\/div>\n                                <div class=\"bottom-label\">\n                <div class=\"property-price\"><span class=\"suffix\">&#8378;<\/span><span class=\"price-text\">75,000<\/span><span class=\"suffix-text additional-text\">\/Ay<\/span><\/div>            <\/div>\n        <\/div>\n\n    <div class=\"top-info\">\n        <div class=\"property-information\">\n    \t\t<h2 class=\"property-title\"><a href=\"https:\/\/www.galaxygayrimenkul.com\/en\/property\/ankara-kiralik-villa\/\" rel=\"bookmark\">Ankara Kiral\u0131k Villa<\/a><\/h2>            <div class=\"property-location\"><a href=\"\/\/maps.google.com\/maps?q=Ankara+Ke%C3%A7i%C3%B6ren&#038;zoom=14&#038;size=512x512&#038;maptype=roadmap&#038;sensor=false\" target=\"_blank\">Ankara Ke\u00e7i\u00f6ren<\/a><\/div>\n                            <div class=\"property-metas d-flex flex-wrap\">\n                    <div class=\"property-meta with-icon\">\r\n\r\n\t\t\t\t\r\n\t\t\t\t\t\t\t<i class=\"flaticon-bed\"><\/i>\r\n\t\t\t\r\n\t\t\t\r\n\t\t\t<span class=\"value-suffix\">\r\n\t\t\t\t3\t\t\t\tYatak Odas\u0131\t\t\t<\/span>\r\n\r\n\t\t<\/div><div class=\"property-meta with-icon\">\r\n\r\n\t\t\t\t\r\n\t\t\t\t\t\t\t<i class=\"flaticon-shower\"><\/i>\r\n\t\t\t\r\n\t\t\t\r\n\t\t\t<span class=\"value-suffix\">\r\n\t\t\t\t2\t\t\t\tBanyo\t\t\t<\/span>\r\n\r\n\t\t<\/div><div class=\"property-meta with-icon\">\r\n\r\n\t\t\t\t\r\n\t\t\t\t\t\t\t<i class=\"flaticon-expand\"><\/i>\r\n\t\t\t\r\n\t\t\t\r\n\t\t\t<span class=\"value-suffix\">\r\n\t\t\t\t180\t\t\t\tm2\t\t\t<\/span>\r\n\r\n\t\t<\/div>                <\/div>\n                \t<\/div>\n    \n    \n        <div class=\"property-metas-bottom d-flex align-items-center\">\n            <div class=\"ali-left\">\n                <a class=\"status-property-label\" href=\"https:\/\/www.galaxygayrimenkul.com\/en\/property-status\/kiralik\/\" style=\"\">Kiral\u0131k<\/a>            <\/div>\n            <div class=\"ms-auto action-item d-flex align-items-center\">\n                <a href=\"https:\/\/www.galaxygayrimenkul.com\/en\/property\/ankara-kiralik-villa\/\" class=\"btn-permalink\" data-toggle=\"tooltip\" data-original-title=\"View\"><i class=\"flaticon-fullscreen\"><\/i><\/a>\n                            <\/div>\n        <\/div>\n    <\/div>\n<\/article><!-- #post-## -->\n\n\t\t\t\t\t\t<\/div>\n\t\t\t\t\t\t\t\t\t\t\t<div class=\"col-sm-6 col-md-6 col-lg-6 col-xl-6 col-ct-12 col-12\">\n\t\t\t\t\t\t\t\n\n<article class=\"map-item property-grid property-item post-3082 property type-property status-publish has-post-thumbnail hentry property_type-daire property_type-konut property_location-istanbul property_status-satilik property_label-satildi property_amenity-alarmyangin property_amenity-ankastre-esya property_amenity-beyaz-esya property_amenity-cocuk-parki property_amenity-fiber-internet property_amenity-intercom-sistemi property_amenity-kamera-sistemi property_amenity-klima property_amenity-kombi property_amenity-parke-zemin property_amenity-spor-salonu property_amenity-uydu-tv\" data-latitude=\"41.0037541\" data-longitude=\"28.6372583\" data-img=\"https:\/\/www.galaxygayrimenkul.com\/wp-content\/uploads\/2023\/02\/p16-570x370.jpg\" data-images=\"[&quot;https:\\\/\\\/www.galaxygayrimenkul.com\\\/wp-content\\\/uploads\\\/2023\\\/02\\\/p16-570x370.jpg&quot;,&quot;https:\\\/\\\/www.galaxygayrimenkul.com\\\/wp-content\\\/uploads\\\/2023\\\/02\\\/p15-570x370.jpg&quot;,&quot;https:\\\/\\\/www.galaxygayrimenkul.com\\\/wp-content\\\/uploads\\\/2023\\\/02\\\/p14-570x370.jpg&quot;,&quot;https:\\\/\\\/www.galaxygayrimenkul.com\\\/wp-content\\\/uploads\\\/2023\\\/02\\\/p13-570x370.jpg&quot;,&quot;https:\\\/\\\/www.galaxygayrimenkul.com\\\/wp-content\\\/uploads\\\/2023\\\/02\\\/p11-570x370.jpg&quot;,&quot;https:\\\/\\\/www.galaxygayrimenkul.com\\\/wp-content\\\/uploads\\\/2023\\\/02\\\/p18-570x370.jpg&quot;,&quot;https:\\\/\\\/www.galaxygayrimenkul.com\\\/wp-content\\\/uploads\\\/2023\\\/02\\\/p17-570x370.jpg&quot;,&quot;https:\\\/\\\/www.galaxygayrimenkul.com\\\/wp-content\\\/uploads\\\/2023\\\/02\\\/p16-570x370.jpg&quot;]\">\n\n    <div class=\"property-thumbnail-wrapper\">\n                <div class=\"image-thumbnail\">\r\n        <a class=\"property-image\" href=\"https:\/\/www.galaxygayrimenkul.com\/en\/property\/istanbul-satilik-daire\/\">\r\n        \t<div class=\"image-wrapper\"><img decoding=\"async\" width=\"570\" height=\"370\" src=\"https:\/\/www.galaxygayrimenkul.com\/wp-content\/uploads\/2023\/02\/p16-570x370.jpg\" class=\"attachment-homez-property-grid size-homez-property-grid\" alt=\"\" \/><\/div>        <\/a>\r\n    <\/div>\r\n                                    <div class=\"top-label d-flex align-items-center\">\n                                                    <span class=\"featured-property \"><i class=\"flaticon-electricity\"><\/i>Featured<\/span>                                                                            <a class=\"label-property-label\" href=\"https:\/\/www.galaxygayrimenkul.com\/en\/property-label\/satildi\/\" style=\"\">Sat\u0131ld\u0131<\/a>                                            <\/div>\n                                <div class=\"bottom-label\">\n                <div class=\"property-price\"><span class=\"suffix\">&#8378;<\/span><span class=\"price-text\">9,500,000<\/span><\/div>            <\/div>\n        <\/div>\n\n    <div class=\"top-info\">\n        <div class=\"property-information\">\n    \t\t<h2 class=\"property-title\"><a href=\"https:\/\/www.galaxygayrimenkul.com\/en\/property\/istanbul-satilik-daire\/\" rel=\"bookmark\">\u0130stanbul Sat\u0131l\u0131k Daire<\/a><\/h2>            <div class=\"property-location\"><a href=\"\/\/maps.google.com\/maps?q=%C4%B0stanbul%2CBeylikd%C3%BCz%C3%BC&#038;zoom=14&#038;size=512x512&#038;maptype=roadmap&#038;sensor=false\" target=\"_blank\">\u0130stanbul,Beylikd\u00fcz\u00fc<\/a><\/div>\n                            <div class=\"property-metas d-flex flex-wrap\">\n                    <div class=\"property-meta with-icon\">\r\n\r\n\t\t\t\t\r\n\t\t\t\t\t\t\t<i class=\"flaticon-bed\"><\/i>\r\n\t\t\t\r\n\t\t\t\r\n\t\t\t<span class=\"value-suffix\">\r\n\t\t\t\t4\t\t\t\tYatak Odas\u0131\t\t\t<\/span>\r\n\r\n\t\t<\/div><div class=\"property-meta with-icon\">\r\n\r\n\t\t\t\t\r\n\t\t\t\t\t\t\t<i class=\"flaticon-shower\"><\/i>\r\n\t\t\t\r\n\t\t\t\r\n\t\t\t<span class=\"value-suffix\">\r\n\t\t\t\t2\t\t\t\tBanyo\t\t\t<\/span>\r\n\r\n\t\t<\/div><div class=\"property-meta with-icon\">\r\n\r\n\t\t\t\t\r\n\t\t\t\t\t\t\t<i class=\"flaticon-expand\"><\/i>\r\n\t\t\t\r\n\t\t\t\r\n\t\t\t<span class=\"value-suffix\">\r\n\t\t\t\t300\t\t\t\tm2\t\t\t<\/span>\r\n\r\n\t\t<\/div>                <\/div>\n                \t<\/div>\n    \n    \n        <div class=\"property-metas-bottom d-flex align-items-center\">\n            <div class=\"ali-left\">\n                <a class=\"status-property-label\" href=\"https:\/\/www.galaxygayrimenkul.com\/en\/property-status\/satilik\/\" style=\"\">Sat\u0131l\u0131k<\/a>            <\/div>\n            <div class=\"ms-auto action-item d-flex align-items-center\">\n                <a href=\"https:\/\/www.galaxygayrimenkul.com\/en\/property\/istanbul-satilik-daire\/\" class=\"btn-permalink\" data-toggle=\"tooltip\" data-original-title=\"View\"><i class=\"flaticon-fullscreen\"><\/i><\/a>\n                            <\/div>\n        <\/div>\n    <\/div>\n<\/article><!-- #post-## -->\n\n\t\t\t\t\t\t<\/div>\n\t\t\t\t\t\t\t\t\t<\/div>\n\t\t\t\t\t<\/div>\n\n\t\t\n\t\n\t<\/div>\n<div class=\"properties-pagination-wrapper main-pagination-wrapper\">\n\t<\/div>\n<\/div>\n\t\t\t\t\t\t<\/div>\n\t\t\t\t\t<\/div>\n\t\t\t\t<\/div>\n\t\t\t\t<\/div>\n\t\t","protected":false},"excerpt":{"rendered":"","protected":false},"author":1,"featured_media":0,"parent":0,"menu_order":0,"comment_status":"closed","ping_status":"closed","template":"page-properties.php","meta":{"inline_featured_image":false,"footnotes":""},"class_list":["post-5857","page","type-page","status-publish","hentry"],"_links":{"self":[{"href":"https:\/\/www.galaxygayrimenkul.com\/en\/wp-json\/wp\/v2\/pages\/5857","targetHints":{"allow":["GET"]}}],"collection":[{"href":"https:\/\/www.galaxygayrimenkul.com\/en\/wp-json\/wp\/v2\/pages"}],"about":[{"href":"https:\/\/www.galaxygayrimenkul.com\/en\/wp-json\/wp\/v2\/types\/page"}],"author":[{"embeddable":true,"href":"https:\/\/www.galaxygayrimenkul.com\/en\/wp-json\/wp\/v2\/users\/1"}],"replies":[{"embeddable":true,"href":"https:\/\/www.galaxygayrimenkul.com\/en\/wp-json\/wp\/v2\/comments?post=5857"}],"version-history":[{"count":4,"href":"https:\/\/www.galaxygayrimenkul.com\/en\/wp-json\/wp\/v2\/pages\/5857\/revisions"}],"predecessor-version":[{"id":6017,"href":"https:\/\/www.galaxygayrimenkul.com\/en\/wp-json\/wp\/v2\/pages\/5857\/revisions\/6017"}],"wp:attachment":[{"href":"https:\/\/www.galaxygayrimenkul.com\/en\/wp-json\/wp\/v2\/media?parent=5857"}],"curies":[{"name":"wp","href":"https:\/\/api.w.org\/{rel}","templated":true}]}}