{"id":5934,"date":"2026-04-06T22:52:59","date_gmt":"2026-04-06T19:52:59","guid":{"rendered":"https:\/\/www.galaxygayrimenkul.com\/?page_id=5934"},"modified":"2026-04-15T09:59:17","modified_gmt":"2026-04-15T06:59:17","slug":"neden-galaxy","status":"publish","type":"page","link":"https:\/\/www.galaxygayrimenkul.com\/en\/neden-galaxy\/","title":{"rendered":"Neden Galaxy"},"content":{"rendered":"<div data-elementor-type=\"wp-page\" data-elementor-id=\"5934\" class=\"elementor elementor-5934\">\n\t\t\t\t\t\t<section class=\"elementor-section elementor-top-section elementor-element elementor-element-5ff6011 elementor-section-stretched elementor-section-boxed elementor-section-height-default elementor-section-height-default\" data-id=\"5ff6011\" data-element_type=\"section\" data-e-type=\"section\" data-settings=\"{&quot;stretch_section&quot;:&quot;section-stretched&quot;}\">\n\t\t\t\t\t\t<div class=\"elementor-container elementor-column-gap-extended\">\n\t\t\t\t\t<div class=\"elementor-column elementor-col-100 elementor-top-column elementor-element elementor-element-7c82cfb\" data-id=\"7c82cfb\" data-element_type=\"column\" data-e-type=\"column\">\n\t\t\t<div class=\"elementor-widget-wrap elementor-element-populated\">\n\t\t\t\t\t\t<div class=\"elementor-element elementor-element-a5920e9 elementor-invisible elementor-widget elementor-widget-heading\" data-id=\"a5920e9\" data-element_type=\"widget\" data-e-type=\"widget\" data-settings=\"{&quot;_animation&quot;:&quot;slide-right&quot;}\" data-widget_type=\"heading.default\">\n\t\t\t\t\t<h2 class=\"elementor-heading-title elementor-size-default\">Galaxy Gayrimenkul<\/h2>\t\t\t\t<\/div>\n\t\t\t\t<div class=\"elementor-element elementor-element-f9eafda elementor-invisible elementor-widget elementor-widget-heading\" data-id=\"f9eafda\" data-element_type=\"widget\" data-e-type=\"widget\" data-settings=\"{&quot;_animation&quot;:&quot;slide-right&quot;}\" data-widget_type=\"heading.default\">\n\t\t\t\t\t<h6 class=\"elementor-heading-title elementor-size-default\">Neden Galaxy<\/h6>\t\t\t\t<\/div>\n\t\t\t\t\t<\/div>\n\t\t<\/div>\n\t\t\t\t\t<\/div>\n\t\t<\/section>\n\t\t\t\t<section class=\"elementor-section elementor-top-section elementor-element elementor-element-540d2bc elementor-section-stretched elementor-section-boxed elementor-section-height-default elementor-section-height-default\" data-id=\"540d2bc\" data-element_type=\"section\" data-e-type=\"section\" data-settings=\"{&quot;stretch_section&quot;:&quot;section-stretched&quot;,&quot;background_background&quot;:&quot;classic&quot;}\">\n\t\t\t\t\t\t<div class=\"elementor-container elementor-column-gap-no\">\n\t\t\t\t\t<div class=\"elementor-column elementor-col-100 elementor-top-column elementor-element elementor-element-bacfa75\" data-id=\"bacfa75\" data-element_type=\"column\" data-e-type=\"column\" data-settings=\"{&quot;background_background&quot;:&quot;classic&quot;}\">\n\t\t\t<div class=\"elementor-widget-wrap elementor-element-populated\">\n\t\t\t\t\t\t<section class=\"elementor-section elementor-inner-section elementor-element elementor-element-0815d43 elementor-section-content-middle elementor-section-boxed elementor-section-height-default elementor-section-height-default\" data-id=\"0815d43\" data-element_type=\"section\" data-e-type=\"section\">\n\t\t\t\t\t\t<div class=\"elementor-container elementor-column-gap-extended\">\n\t\t\t\t\t<div class=\"elementor-column elementor-col-50 elementor-inner-column elementor-element elementor-element-f4a3673\" data-id=\"f4a3673\" data-element_type=\"column\" data-e-type=\"column\">\n\t\t\t<div class=\"elementor-widget-wrap elementor-element-populated\">\n\t\t\t\t\t\t<div class=\"elementor-element elementor-element-3909a9f elementor-widget__width-initial elementor-invisible elementor-widget elementor-widget-apus_element_features_box\" data-id=\"3909a9f\" data-element_type=\"widget\" data-e-type=\"widget\" data-settings=\"{&quot;_animation&quot;:&quot;slide-right&quot;,&quot;_animation_delay&quot;:200}\" data-widget_type=\"apus_element_features_box.default\">\n\t\t\t\t<div class=\"elementor-widget-container\">\n\t\t\t\t\t            <div class=\"widget-features-box\">\n                  \n                    <div class=\"row\">\n                                                    <div class=\"item-grid col-12 col-sm-12 col-md-12\">\n                                <div class=\"item-features-inner style1\">\n                                     <div class=\"top-inner\">\n                                                                                <\/div><div class=\"features-box-content\"><h3 class=\"title\">1. G\u00fcven Temelli Hizmet Anlay\u0131\u015f\u0131<\/h3><div class=\"description\">Gayrimenkul sekt\u00f6r\u00fcnde en k\u0131ymetli unsur g\u00fcvendir. Galaxy Gayrimenkul, t\u00fcm s\u00fcre\u00e7lerini a\u00e7\u0131k, izlenebilir ve profesyonel bir zeminde y\u00fcr\u00fct\u00fcr.<\/div><\/div>\n                                <\/div>\n                            <\/div>\n                                                    <div class=\"item-grid col-12 col-sm-12 col-md-12\">\n                                <div class=\"item-features-inner style1\">\n                                     <div class=\"top-inner\">\n                                                                                <\/div><div class=\"features-box-content\"><h3 class=\"title\">2. \u00c7ok Y\u00f6nl\u00fc Dan\u0131\u015fmanl\u0131k Modeli<\/h3><div class=\"description\">Sadece al\u0131m-sat\u0131m de\u011fil; yat\u0131r\u0131m analizi, de\u011ferleme, hukuki s\u00fcre\u00e7, kredi dan\u0131\u015fmanl\u0131\u011f\u0131, sigorta ve teknik dan\u0131\u015fmanl\u0131k gibi pek \u00e7ok alanda b\u00fct\u00fcnc\u00fcl hizmet sunar.<\/div><\/div>\n                                <\/div>\n                            <\/div>\n                                                    <div class=\"item-grid col-12 col-sm-12 col-md-12\">\n                                <div class=\"item-features-inner style1\">\n                                     <div class=\"top-inner\">\n                                                                                <\/div><div class=\"features-box-content\"><h3 class=\"title\">3. B\u00f6lgesel Uzmanl\u0131k ve Saha G\u00fcc\u00fc<\/h3><div class=\"description\">Piyasa dinamiklerini, lokasyon bazl\u0131 f\u0131rsatlar\u0131 ve de\u011fer potansiyelini do\u011fru okuyarak m\u00fc\u015fterilerine g\u00fc\u00e7l\u00fc y\u00f6nlendirmeler sa\u011flar.<\/div><\/div>\n                                <\/div>\n                            <\/div>\n                                            <\/div>\n                            <\/div>\n            \t\t\t\t<\/div>\n\t\t\t\t<\/div>\n\t\t\t\t<div class=\"elementor-element elementor-element-4e79ead elementor-invisible elementor-widget elementor-widget-button\" data-id=\"4e79ead\" data-element_type=\"widget\" data-e-type=\"widget\" data-settings=\"{&quot;_animation&quot;:&quot;slide-right&quot;,&quot;_animation_delay&quot;:300}\" data-widget_type=\"button.default\">\n\t\t\t\t\t\t\t\t\t\t<a class=\"elementor-button elementor-button-link elementor-size-md\" href=\"\/en\/vizyon\/\">\n\t\t\t\t\t\t<span class=\"elementor-button-content-wrapper\">\n\t\t\t\t\t\t<span class=\"elementor-button-icon\">\n\t\t\t\t<svg xmlns=\"http:\/\/www.w3.org\/2000\/svg\" width=\"16\" height=\"17\" viewbox=\"0 0 16 17\" fill=\"currentColor\"><path d=\"M15.5553 0.670898H5.77756C5.53189 0.670898 5.3331 0.86969 5.3331 1.11536C5.3331 1.36102 5.53189 1.55982 5.77756 1.55982H14.4824L0.129975 15.9122C-0.0436504 16.0859 -0.0436504 16.3671 0.129975 16.5407C0.216766 16.6275 0.330516 16.6709 0.444225 16.6709C0.557933 16.6709 0.671641 16.6275 0.758475 16.5407L15.1109 2.18827V10.8931C15.1109 11.1388 15.3097 11.3376 15.5553 11.3376C15.801 11.3376 15.9998 11.1388 15.9998 10.8931V1.11536C15.9998 0.86969 15.801 0.670898 15.5553 0.670898Z\" fill=\"currentColor\"><\/path><\/svg>\t\t\t<\/span>\n\t\t\t\t\t\t\t\t\t<span class=\"elementor-button-text\">Vizyon<\/span>\n\t\t\t\t\t<\/span>\n\t\t\t\t\t<\/a>\n\t\t\t\t\t\t\t\t<\/div>\n\t\t\t\t\t<\/div>\n\t\t<\/div>\n\t\t\t\t<div class=\"elementor-column elementor-col-50 elementor-inner-column elementor-element elementor-element-718e270\" data-id=\"718e270\" data-element_type=\"column\" data-e-type=\"column\">\n\t\t\t<div class=\"elementor-widget-wrap elementor-element-populated\">\n\t\t\t\t\t\t<div class=\"elementor-element elementor-element-ba36442 elementor-widget__width-initial elementor-invisible elementor-widget elementor-widget-apus_element_features_box\" data-id=\"ba36442\" data-element_type=\"widget\" data-e-type=\"widget\" data-settings=\"{&quot;_animation&quot;:&quot;slide-right&quot;,&quot;_animation_delay&quot;:200}\" data-widget_type=\"apus_element_features_box.default\">\n\t\t\t\t<div class=\"elementor-widget-container\">\n\t\t\t\t\t            <div class=\"widget-features-box\">\n                  \n                    <div class=\"row\">\n                                                    <div class=\"item-grid col-12 col-sm-12 col-md-12\">\n                                <div class=\"item-features-inner style1\">\n                                     <div class=\"top-inner\">\n                                                                                <\/div><div class=\"features-box-content\"><h3 class=\"title\">4. Yat\u0131r\u0131m Odakl\u0131 Yakla\u015f\u0131m<\/h3><div class=\"description\">Her ta\u015f\u0131nmaz\u0131 yaln\u0131zca bir m\u00fclk olarak de\u011fil, finansal ve stratejik bir de\u011fer olarak ele al\u0131r.\n<br><\/div><\/div>\n                                <\/div>\n                            <\/div>\n                                                    <div class=\"item-grid col-12 col-sm-12 col-md-12\">\n                                <div class=\"item-features-inner style1\">\n                                     <div class=\"top-inner\">\n                                                                                <\/div><div class=\"features-box-content\"><h3 class=\"title\">5. Profesyonel S\u00fcre\u00e7 Y\u00f6netimi<\/h3><div class=\"description\">Tapu, ekspertiz, portf\u00f6y y\u00f6netimi, s\u00f6zle\u015fme, kredi ve sat\u0131\u015f sonras\u0131 s\u00fcre\u00e7ler d\u00e2hil olmak \u00fczere t\u00fcm a\u015famalar kurumsal disiplinle y\u00f6netilir.<\/div><\/div>\n                                <\/div>\n                            <\/div>\n                                                    <div class=\"item-grid col-12 col-sm-12 col-md-12\">\n                                <div class=\"item-features-inner style1\">\n                                     <div class=\"top-inner\">\n                                                                                <\/div><div class=\"features-box-content\"><h3 class=\"title\">6. G\u00fc\u00e7l\u00fc Marka ve Ekip Yap\u0131s\u0131<\/h3><div class=\"description\">Galaxy Gayrimenkul, b\u00fcy\u00fcmeyi bireysel de\u011fil ekip ba\u015far\u0131s\u0131 olarak g\u00f6r\u00fcr. Bu nedenle hem m\u00fc\u015fterileri hem de ekip arkada\u015flar\u0131 i\u00e7in g\u00fc\u00e7l\u00fc bir yap\u0131 sunar.<\/div><\/div>\n                                <\/div>\n                            <\/div>\n                                            <\/div>\n                            <\/div>\n            \t\t\t\t<\/div>\n\t\t\t\t<\/div>\n\t\t\t\t<div class=\"elementor-element elementor-element-8259b75 elementor-invisible elementor-widget elementor-widget-button\" data-id=\"8259b75\" data-element_type=\"widget\" data-e-type=\"widget\" data-settings=\"{&quot;_animation&quot;:&quot;slide-right&quot;,&quot;_animation_delay&quot;:300}\" data-widget_type=\"button.default\">\n\t\t\t\t\t\t\t\t\t\t<a class=\"elementor-button elementor-button-link elementor-size-md\" href=\"\/en\/misyon\/\">\n\t\t\t\t\t\t<span class=\"elementor-button-content-wrapper\">\n\t\t\t\t\t\t<span class=\"elementor-button-icon\">\n\t\t\t\t<svg xmlns=\"http:\/\/www.w3.org\/2000\/svg\" width=\"16\" height=\"17\" viewbox=\"0 0 16 17\" fill=\"currentColor\"><path d=\"M15.5553 0.670898H5.77756C5.53189 0.670898 5.3331 0.86969 5.3331 1.11536C5.3331 1.36102 5.53189 1.55982 5.77756 1.55982H14.4824L0.129975 15.9122C-0.0436504 16.0859 -0.0436504 16.3671 0.129975 16.5407C0.216766 16.6275 0.330516 16.6709 0.444225 16.6709C0.557933 16.6709 0.671641 16.6275 0.758475 16.5407L15.1109 2.18827V10.8931C15.1109 11.1388 15.3097 11.3376 15.5553 11.3376C15.801 11.3376 15.9998 11.1388 15.9998 10.8931V1.11536C15.9998 0.86969 15.801 0.670898 15.5553 0.670898Z\" fill=\"currentColor\"><\/path><\/svg>\t\t\t<\/span>\n\t\t\t\t\t\t\t\t\t<span class=\"elementor-button-text\">Misyon<\/span>\n\t\t\t\t\t<\/span>\n\t\t\t\t\t<\/a>\n\t\t\t\t\t\t\t\t<\/div>\n\t\t\t\t\t<\/div>\n\t\t<\/div>\n\t\t\t\t\t<\/div>\n\t\t<\/section>\n\t\t\t\t\t<\/div>\n\t\t<\/div>\n\t\t\t\t\t<\/div>\n\t\t<\/section>\n\t\t\t\t<section class=\"elementor-section elementor-top-section elementor-element elementor-element-571e783 elementor-section-stretched elementor-section-content-middle elementor-section-boxed elementor-section-height-default elementor-section-height-default\" data-id=\"571e783\" data-element_type=\"section\" data-e-type=\"section\" data-settings=\"{&quot;stretch_section&quot;:&quot;section-stretched&quot;}\">\n\t\t\t\t\t\t<div class=\"elementor-container elementor-column-gap-no\">\n\t\t\t\t\t<div class=\"elementor-column elementor-col-100 elementor-top-column elementor-element elementor-element-fe97f5e\" data-id=\"fe97f5e\" data-element_type=\"column\" data-e-type=\"column\" data-settings=\"{&quot;background_background&quot;:&quot;classic&quot;}\">\n\t\t\t<div class=\"elementor-widget-wrap elementor-element-populated\">\n\t\t\t\t\t\t<section class=\"elementor-section elementor-inner-section elementor-element elementor-element-af112c0 elementor-section-boxed elementor-section-height-default elementor-section-height-default\" data-id=\"af112c0\" data-element_type=\"section\" data-e-type=\"section\">\n\t\t\t\t\t\t<div class=\"elementor-container elementor-column-gap-extended\">\n\t\t\t\t\t<div class=\"elementor-column elementor-col-33 elementor-inner-column elementor-element elementor-element-c63de3e elementor-invisible\" data-id=\"c63de3e\" data-element_type=\"column\" data-e-type=\"column\" data-settings=\"{&quot;animation&quot;:&quot;slide-right&quot;}\">\n\t\t\t<div class=\"elementor-widget-wrap elementor-element-populated\">\n\t\t\t\t\t\t<div class=\"elementor-element elementor-element-5e18748 elementor-widget elementor-widget-heading\" data-id=\"5e18748\" data-element_type=\"widget\" data-e-type=\"widget\" data-widget_type=\"heading.default\">\n\t\t\t\t\t<h2 class=\"elementor-heading-title elementor-size-default\">Do\u011fru Yat\u0131r\u0131m \u0130\u00e7in Do\u011fru Adrestesiniz<\/h2>\t\t\t\t<\/div>\n\t\t\t\t<div class=\"elementor-element elementor-element-d521f2b elementor-widget elementor-widget-text-editor\" data-id=\"d521f2b\" data-element_type=\"widget\" data-e-type=\"widget\" data-widget_type=\"text-editor.default\">\n\t\t\t\t\t\t\t\t\t<p data-start=\"3724\" data-end=\"3836\">Gayrimenkul yat\u0131r\u0131mlar\u0131n\u0131z\u0131 g\u00fcvenli ve profesyonel bir \u015fekilde y\u00f6netmek i\u00e7in bizimle ileti\u015fime ge\u00e7in.<\/p>\t\t\t\t\t\t\t\t<\/div>\n\t\t\t\t\t<\/div>\n\t\t<\/div>\n\t\t\t\t<div class=\"elementor-column elementor-col-33 elementor-inner-column elementor-element elementor-element-39ef3f8\" data-id=\"39ef3f8\" data-element_type=\"column\" data-e-type=\"column\">\n\t\t\t<div class=\"elementor-widget-wrap elementor-element-populated\">\n\t\t\t\t\t\t<div class=\"elementor-element elementor-element-4341473 elementor-align-left elementor-invisible elementor-widget elementor-widget-button\" data-id=\"4341473\" data-element_type=\"widget\" data-e-type=\"widget\" data-settings=\"{&quot;_animation&quot;:&quot;slide-left&quot;,&quot;_animation_delay&quot;:200}\" data-widget_type=\"button.default\">\n\t\t\t\t\t\t\t\t\t\t<a class=\"elementor-button elementor-button-link elementor-size-md\" href=\"\/en\/iletisim\/\">\n\t\t\t\t\t\t<span class=\"elementor-button-content-wrapper\">\n\t\t\t\t\t\t<span class=\"elementor-button-icon\">\n\t\t\t\t<svg xmlns=\"http:\/\/www.w3.org\/2000\/svg\" width=\"16\" height=\"17\" viewbox=\"0 0 16 17\" fill=\"currentColor\"><path d=\"M15.5553 0.670898H5.77756C5.53189 0.670898 5.3331 0.86969 5.3331 1.11536C5.3331 1.36102 5.53189 1.55982 5.77756 1.55982H14.4824L0.129975 15.9122C-0.0436504 16.0859 -0.0436504 16.3671 0.129975 16.5407C0.216766 16.6275 0.330516 16.6709 0.444225 16.6709C0.557933 16.6709 0.671641 16.6275 0.758475 16.5407L15.1109 2.18827V10.8931C15.1109 11.1388 15.3097 11.3376 15.5553 11.3376C15.801 11.3376 15.9998 11.1388 15.9998 10.8931V1.11536C15.9998 0.86969 15.801 0.670898 15.5553 0.670898Z\" fill=\"currentColor\"><\/path><\/svg>\t\t\t<\/span>\n\t\t\t\t\t\t\t\t\t<span class=\"elementor-button-text\">Bize Ula\u015f\u0131n<\/span>\n\t\t\t\t\t<\/span>\n\t\t\t\t\t<\/a>\n\t\t\t\t\t\t\t\t<\/div>\n\t\t\t\t\t<\/div>\n\t\t<\/div>\n\t\t\t\t<div class=\"elementor-column elementor-col-33 elementor-inner-column elementor-element elementor-element-10ff65f\" data-id=\"10ff65f\" data-element_type=\"column\" data-e-type=\"column\">\n\t\t\t<div class=\"elementor-widget-wrap elementor-element-populated\">\n\t\t\t\t\t\t<div class=\"elementor-element elementor-element-1f20251 elementor-invisible elementor-widget elementor-widget-button\" data-id=\"1f20251\" data-element_type=\"widget\" data-e-type=\"widget\" data-settings=\"{&quot;_animation&quot;:&quot;slide-left&quot;,&quot;_animation_delay&quot;:350}\" data-widget_type=\"button.default\">\n\t\t\t\t\t\t\t\t\t\t<a class=\"elementor-button elementor-button-link elementor-size-md\" href=\"tel:\u202a+905326701867\">\n\t\t\t\t\t\t<span class=\"elementor-button-content-wrapper\">\n\t\t\t\t\t\t<span class=\"elementor-button-icon\">\n\t\t\t\t<svg xmlns=\"http:\/\/www.w3.org\/2000\/svg\" width=\"16\" height=\"17\" viewbox=\"0 0 16 17\" fill=\"currentColor\"><path d=\"M15.35 10.5099L13.93 9.0899C13.6249 8.79862 13.2193 8.63609 12.7975 8.63609C12.3757 8.63609 11.9701 8.79862 11.665 9.0899L11.165 9.5899C10.8258 9.9279 10.3664 10.1177 9.88752 10.1177C9.40864 10.1177 8.94927 9.9279 8.61002 9.5899C8.22502 9.2049 7.98002 8.9449 7.73502 8.6899C7.49002 8.4349 7.23502 8.1599 6.83502 7.7649C6.49733 7.42651 6.30768 6.96797 6.30768 6.4899C6.30768 6.01184 6.49733 5.5533 6.83502 5.2149L7.33502 4.7149C7.48413 4.56693 7.60243 4.39089 7.6831 4.19693C7.76377 4.00298 7.80521 3.79496 7.80502 3.5849C7.80321 3.16105 7.63433 2.75502 7.33502 2.4549L5.91502 1.0249C5.51388 0.625479 4.97111 0.400822 4.40502 0.399902C4.12618 0.400313 3.85016 0.455729 3.59276 0.562977C3.33537 0.670225 3.10166 0.827196 2.90502 1.0249L1.55002 2.3699C0.573589 3.3477 0.0251465 4.67305 0.0251465 6.0549C0.0251465 7.43675 0.573589 8.76211 1.55002 9.7399C2.33002 10.5199 3.22002 11.3999 4.10502 12.3199C4.99002 13.2399 5.86002 14.0999 6.63502 14.8999C7.61261 15.8748 8.9369 16.4223 10.3175 16.4223C11.6982 16.4223 13.0224 15.8748 14 14.8999L15.35 13.5499C15.747 13.1512 15.9715 12.6125 15.975 12.0499C15.98 11.7643 15.9271 11.4807 15.8197 11.2161C15.7123 10.9515 15.5526 10.7113 15.35 10.5099ZM14.595 12.7749L14.45 12.8999L13 11.4449C12.9517 11.3899 12.8927 11.3454 12.8265 11.3141C12.7604 11.2828 12.6885 11.2654 12.6153 11.2631C12.5422 11.2607 12.4693 11.2733 12.4012 11.3002C12.3332 11.3271 12.2714 11.3677 12.2196 11.4195C12.1678 11.4712 12.1273 11.5331 12.1004 11.6011C12.0735 11.6692 12.0608 11.742 12.0632 11.8152C12.0656 11.8884 12.0829 11.9602 12.1142 12.0264C12.1455 12.0926 12.19 12.1516 12.245 12.1999L13.72 13.6749L13.27 14.1249C12.4921 14.9004 11.4385 15.3359 10.34 15.3359C9.24158 15.3359 8.18793 14.9004 7.41002 14.1249C6.64002 13.3549 5.76502 12.4649 4.91002 11.5749C4.05502 10.6849 3.13002 9.7699 2.35002 8.9899C1.57449 8.21199 1.139 7.15835 1.139 6.0599C1.139 4.96145 1.57449 3.90781 2.35002 3.1299L2.80002 2.6799L4.22502 4.1499C4.32448 4.25267 4.46069 4.31173 4.60369 4.31407C4.74668 4.31642 4.88475 4.26186 4.98752 4.1624C5.0903 4.06295 5.14935 3.92674 5.15169 3.78374C5.15404 3.64074 5.09948 3.50267 5.00002 3.3999L3.50002 1.8999L3.64502 1.7549C3.74356 1.65477 3.8611 1.57533 3.99075 1.52124C4.1204 1.46715 4.25954 1.4395 4.40002 1.4399C4.68348 1.44075 4.95502 1.55404 5.15502 1.7549L6.58002 3.1999C6.67893 3.2997 6.7346 3.4344 6.73502 3.5749C6.73509 3.64453 6.72143 3.71348 6.69483 3.77782C6.66824 3.84217 6.62922 3.90064 6.58002 3.9499L6.08002 4.4499C5.54265 4.98883 5.24088 5.71884 5.24088 6.4799C5.24088 7.24096 5.54265 7.97097 6.08002 8.5099C6.50002 8.8999 6.73002 9.1449 7.00002 9.3999C7.27002 9.6549 7.50002 9.9299 7.89502 10.3199C8.43395 10.8573 9.16396 11.159 9.92502 11.159C10.6861 11.159 11.4161 10.8573 11.955 10.3199L12.455 9.8199C12.5571 9.72356 12.6922 9.66989 12.8325 9.66989C12.9729 9.66989 13.1079 9.72356 13.21 9.8199L14.63 11.2399C14.7299 11.3386 14.8092 11.4562 14.8633 11.5858C14.9174 11.7154 14.9452 11.8545 14.945 11.9949C14.9425 12.1411 14.9101 12.2852 14.8499 12.4185C14.7897 12.5517 14.703 12.6713 14.595 12.7699V12.7749Z\" fill=\"currentColor\"><\/path><\/svg>\t\t\t<\/span>\n\t\t\t\t\t\t\t\t\t<span class=\"elementor-button-text\">+90 532 670 18 67<\/span>\n\t\t\t\t\t<\/span>\n\t\t\t\t\t<\/a>\n\t\t\t\t\t\t\t\t<\/div>\n\t\t\t\t\t<\/div>\n\t\t<\/div>\n\t\t\t\t\t<\/div>\n\t\t<\/section>\n\t\t\t\t\t<\/div>\n\t\t<\/div>\n\t\t\t\t\t<\/div>\n\t\t<\/section>\n\t\t\t\t<\/div>","protected":false},"excerpt":{"rendered":"<p>Galaxy Gayrimenkul Neden Galaxy 1. G\u00fcven Temelli Hizmet Anlay\u0131\u015f\u0131 Gayrimenkul sekt\u00f6r\u00fcnde en k\u0131ymetli unsur g\u00fcvendir. Galaxy Gayrimenkul, t\u00fcm s\u00fcre\u00e7lerini a\u00e7\u0131k, izlenebilir ve profesyonel bir zeminde y\u00fcr\u00fct\u00fcr. 2. \u00c7ok Y\u00f6nl\u00fc Dan\u0131\u015fmanl\u0131k Modeli Sadece al\u0131m-sat\u0131m de\u011fil; yat\u0131r\u0131m analizi, de\u011ferleme, hukuki s\u00fcre\u00e7, kredi dan\u0131\u015fmanl\u0131\u011f\u0131, sigorta ve teknik dan\u0131\u015fmanl\u0131k gibi pek \u00e7ok alanda b\u00fct\u00fcnc\u00fcl hizmet sunar. 3. B\u00f6lgesel Uzmanl\u0131k [&hellip;]<\/p>\n","protected":false},"author":1,"featured_media":0,"parent":0,"menu_order":0,"comment_status":"closed","ping_status":"closed","template":"","meta":{"inline_featured_image":false,"footnotes":""},"class_list":["post-5934","page","type-page","status-publish","hentry"],"_links":{"self":[{"href":"https:\/\/www.galaxygayrimenkul.com\/en\/wp-json\/wp\/v2\/pages\/5934","targetHints":{"allow":["GET"]}}],"collection":[{"href":"https:\/\/www.galaxygayrimenkul.com\/en\/wp-json\/wp\/v2\/pages"}],"about":[{"href":"https:\/\/www.galaxygayrimenkul.com\/en\/wp-json\/wp\/v2\/types\/page"}],"author":[{"embeddable":true,"href":"https:\/\/www.galaxygayrimenkul.com\/en\/wp-json\/wp\/v2\/users\/1"}],"replies":[{"embeddable":true,"href":"https:\/\/www.galaxygayrimenkul.com\/en\/wp-json\/wp\/v2\/comments?post=5934"}],"version-history":[{"count":7,"href":"https:\/\/www.galaxygayrimenkul.com\/en\/wp-json\/wp\/v2\/pages\/5934\/revisions"}],"predecessor-version":[{"id":6540,"href":"https:\/\/www.galaxygayrimenkul.com\/en\/wp-json\/wp\/v2\/pages\/5934\/revisions\/6540"}],"wp:attachment":[{"href":"https:\/\/www.galaxygayrimenkul.com\/en\/wp-json\/wp\/v2\/media?parent=5934"}],"curies":[{"name":"wp","href":"https:\/\/api.w.org\/{rel}","templated":true}]}}