{"id":5939,"date":"2026-04-06T23:10:35","date_gmt":"2026-04-06T20:10:35","guid":{"rendered":"https:\/\/www.galaxygayrimenkul.com\/?page_id=5939"},"modified":"2026-04-15T09:59:30","modified_gmt":"2026-04-15T06:59:30","slug":"sikca-sorulan-sorular","status":"publish","type":"page","link":"https:\/\/www.galaxygayrimenkul.com\/en\/sikca-sorulan-sorular\/","title":{"rendered":"S\u0131k\u00e7a Sorulan sorular"},"content":{"rendered":"<div data-elementor-type=\"wp-page\" data-elementor-id=\"5939\" class=\"elementor elementor-5939\">\n\t\t\t\t\t\t<section class=\"elementor-section elementor-top-section elementor-element elementor-element-409f6bf elementor-section-stretched elementor-section-boxed elementor-section-height-default elementor-section-height-default\" data-id=\"409f6bf\" data-element_type=\"section\" data-e-type=\"section\" data-settings=\"{&quot;stretch_section&quot;:&quot;section-stretched&quot;}\">\n\t\t\t\t\t\t<div class=\"elementor-container elementor-column-gap-extended\">\n\t\t\t\t\t<div class=\"elementor-column elementor-col-100 elementor-top-column elementor-element elementor-element-716a3a7 elementor-invisible\" data-id=\"716a3a7\" data-element_type=\"column\" data-e-type=\"column\" data-settings=\"{&quot;animation&quot;:&quot;slide-up&quot;}\">\n\t\t\t<div class=\"elementor-widget-wrap elementor-element-populated\">\n\t\t\t\t\t\t<div class=\"elementor-element elementor-element-c5558d2 elementor-widget elementor-widget-heading\" data-id=\"c5558d2\" data-element_type=\"widget\" data-e-type=\"widget\" data-widget_type=\"heading.default\">\n\t\t\t\t\t<h2 class=\"elementor-heading-title elementor-size-default\">Galaxy Gayrimenkul Hakk\u0131nda Merak Ettikleriniz<\/h2>\t\t\t\t<\/div>\n\t\t\t\t<div class=\"elementor-element elementor-element-9109b9c elementor-widget elementor-widget-accordion\" data-id=\"9109b9c\" data-element_type=\"widget\" data-e-type=\"widget\" data-widget_type=\"accordion.default\">\n\t\t\t\t\t\t\t<div class=\"elementor-accordion\">\n\t\t\t\t\t\t\t<div class=\"elementor-accordion-item\">\n\t\t\t\t\t<div id=\"elementor-tab-title-1521\" class=\"elementor-tab-title\" data-tab=\"1\" role=\"button\" aria-controls=\"elementor-tab-content-1521\" aria-expanded=\"false\">\n\t\t\t\t\t\t\t\t\t\t\t\t\t<span class=\"elementor-accordion-icon elementor-accordion-icon-left\" aria-hidden=\"true\">\n\t\t\t\t\t\t\t\t\t\t\t\t\t\t\t<span class=\"elementor-accordion-icon-closed\"><svg class=\"e-font-icon-svg e-fas-chevron-down\" viewbox=\"0 0 448 512\" xmlns=\"http:\/\/www.w3.org\/2000\/svg\"><path d=\"M207.029 381.476L12.686 187.132c-9.373-9.373-9.373-24.569 0-33.941l22.667-22.667c9.357-9.357 24.522-9.375 33.901-.04L224 284.505l154.745-154.021c9.379-9.335 24.544-9.317 33.901.04l22.667 22.667c9.373 9.373 9.373 24.569 0 33.941L240.971 381.476c-9.373 9.372-24.569 9.372-33.942 0z\"><\/path><\/svg><\/span>\n\t\t\t\t\t\t\t\t<span class=\"elementor-accordion-icon-opened\"><svg class=\"e-font-icon-svg e-fas-chevron-up\" viewbox=\"0 0 448 512\" xmlns=\"http:\/\/www.w3.org\/2000\/svg\"><path d=\"M240.971 130.524l194.343 194.343c9.373 9.373 9.373 24.569 0 33.941l-22.667 22.667c-9.357 9.357-24.522 9.375-33.901.04L224 227.495 69.255 381.516c-9.379 9.335-24.544 9.317-33.901-.04l-22.667-22.667c-9.373-9.373-9.373-24.569 0-33.941L207.03 130.525c9.372-9.373 24.568-9.373 33.941-.001z\"><\/path><\/svg><\/span>\n\t\t\t\t\t\t\t\t\t\t\t\t\t\t<\/span>\n\t\t\t\t\t\t\t\t\t\t\t\t<a class=\"elementor-accordion-title\" tabindex=\"0\">Galaxy Gayrimenkul hangi alanlarda hizmet verir?<\/a>\n\t\t\t\t\t<\/div>\n\t\t\t\t\t<div id=\"elementor-tab-content-1521\" class=\"elementor-tab-content elementor-clearfix\" data-tab=\"1\" role=\"region\" aria-labelledby=\"elementor-tab-title-1521\"><p class=\"FirstParagraph\"><span lang=\"EN-US\">Konut, arsa, ticari gayrimenkul, l\u00fcks konut, kentsel d\u00f6n\u00fc\u015f\u00fcm, proje geli\u015ftirme, yat\u0131r\u0131m dan\u0131\u015fmanl\u0131\u011f\u0131, portf\u00f6y y\u00f6netimi, de\u011ferleme dan\u0131\u015fmanl\u0131\u011f\u0131, kredi s\u00fcre\u00e7leri ve sigorta hizmetleri d\u00e2hil olmak \u00fczere geni\u015f bir alanda hizmet sunar.<\/span><\/p><\/div>\n\t\t\t\t<\/div>\n\t\t\t\t\t\t\t<div class=\"elementor-accordion-item\">\n\t\t\t\t\t<div id=\"elementor-tab-title-1522\" class=\"elementor-tab-title\" data-tab=\"2\" role=\"button\" aria-controls=\"elementor-tab-content-1522\" aria-expanded=\"false\">\n\t\t\t\t\t\t\t\t\t\t\t\t\t<span class=\"elementor-accordion-icon elementor-accordion-icon-left\" aria-hidden=\"true\">\n\t\t\t\t\t\t\t\t\t\t\t\t\t\t\t<span class=\"elementor-accordion-icon-closed\"><svg class=\"e-font-icon-svg e-fas-chevron-down\" viewbox=\"0 0 448 512\" xmlns=\"http:\/\/www.w3.org\/2000\/svg\"><path d=\"M207.029 381.476L12.686 187.132c-9.373-9.373-9.373-24.569 0-33.941l22.667-22.667c9.357-9.357 24.522-9.375 33.901-.04L224 284.505l154.745-154.021c9.379-9.335 24.544-9.317 33.901.04l22.667 22.667c9.373 9.373 9.373 24.569 0 33.941L240.971 381.476c-9.373 9.372-24.569 9.372-33.942 0z\"><\/path><\/svg><\/span>\n\t\t\t\t\t\t\t\t<span class=\"elementor-accordion-icon-opened\"><svg class=\"e-font-icon-svg e-fas-chevron-up\" viewbox=\"0 0 448 512\" xmlns=\"http:\/\/www.w3.org\/2000\/svg\"><path d=\"M240.971 130.524l194.343 194.343c9.373 9.373 9.373 24.569 0 33.941l-22.667 22.667c-9.357 9.357-24.522 9.375-33.901.04L224 227.495 69.255 381.516c-9.379 9.335-24.544 9.317-33.901-.04l-22.667-22.667c-9.373-9.373-9.373-24.569 0-33.941L207.03 130.525c9.372-9.373 24.568-9.373 33.941-.001z\"><\/path><\/svg><\/span>\n\t\t\t\t\t\t\t\t\t\t\t\t\t\t<\/span>\n\t\t\t\t\t\t\t\t\t\t\t\t<a class=\"elementor-accordion-title\" tabindex=\"0\">Yaln\u0131zca sat\u0131\u015f m\u0131 yap\u0131yorsunuz?<\/a>\n\t\t\t\t\t<\/div>\n\t\t\t\t\t<div id=\"elementor-tab-content-1522\" class=\"elementor-tab-content elementor-clearfix\" data-tab=\"2\" role=\"region\" aria-labelledby=\"elementor-tab-title-1522\"><p class=\"FirstParagraph\"><span lang=\"EN-US\">Hay\u0131r. Sat\u0131\u015f\u0131n yan\u0131 s\u0131ra kiralama, yat\u0131r\u0131m dan\u0131\u015fmanl\u0131\u011f\u0131, proje geli\u015ftirme, fizibilite, hukuki s\u00fcre\u00e7 y\u00f6nlendirmesi ve teknik dan\u0131\u015fmanl\u0131k da sunuyoruz.<\/span><\/p><\/div>\n\t\t\t\t<\/div>\n\t\t\t\t\t\t\t<div class=\"elementor-accordion-item\">\n\t\t\t\t\t<div id=\"elementor-tab-title-1523\" class=\"elementor-tab-title\" data-tab=\"3\" role=\"button\" aria-controls=\"elementor-tab-content-1523\" aria-expanded=\"false\">\n\t\t\t\t\t\t\t\t\t\t\t\t\t<span class=\"elementor-accordion-icon elementor-accordion-icon-left\" aria-hidden=\"true\">\n\t\t\t\t\t\t\t\t\t\t\t\t\t\t\t<span class=\"elementor-accordion-icon-closed\"><svg class=\"e-font-icon-svg e-fas-chevron-down\" viewbox=\"0 0 448 512\" xmlns=\"http:\/\/www.w3.org\/2000\/svg\"><path d=\"M207.029 381.476L12.686 187.132c-9.373-9.373-9.373-24.569 0-33.941l22.667-22.667c9.357-9.357 24.522-9.375 33.901-.04L224 284.505l154.745-154.021c9.379-9.335 24.544-9.317 33.901.04l22.667 22.667c9.373 9.373 9.373 24.569 0 33.941L240.971 381.476c-9.373 9.372-24.569 9.372-33.942 0z\"><\/path><\/svg><\/span>\n\t\t\t\t\t\t\t\t<span class=\"elementor-accordion-icon-opened\"><svg class=\"e-font-icon-svg e-fas-chevron-up\" viewbox=\"0 0 448 512\" xmlns=\"http:\/\/www.w3.org\/2000\/svg\"><path d=\"M240.971 130.524l194.343 194.343c9.373 9.373 9.373 24.569 0 33.941l-22.667 22.667c-9.357 9.357-24.522 9.375-33.901.04L224 227.495 69.255 381.516c-9.379 9.335-24.544 9.317-33.901-.04l-22.667-22.667c-9.373-9.373-9.373-24.569 0-33.941L207.03 130.525c9.372-9.373 24.568-9.373 33.941-.001z\"><\/path><\/svg><\/span>\n\t\t\t\t\t\t\t\t\t\t\t\t\t\t<\/span>\n\t\t\t\t\t\t\t\t\t\t\t\t<a class=\"elementor-accordion-title\" tabindex=\"0\">Kentsel d\u00f6n\u00fc\u015f\u00fcm alan\u0131nda destek veriyor musunuz?<\/a>\n\t\t\t\t\t<\/div>\n\t\t\t\t\t<div id=\"elementor-tab-content-1523\" class=\"elementor-tab-content elementor-clearfix\" data-tab=\"3\" role=\"region\" aria-labelledby=\"elementor-tab-title-1523\"><p class=\"FirstParagraph\"><span lang=\"EN-US\">Evet. Kentsel d\u00f6n\u00fc\u015f\u00fcm s\u00fcrecinin planlanmas\u0131, de\u011ferlendirilmesi ve do\u011fru y\u00f6nlendirilmesi konusunda dan\u0131\u015fmanl\u0131k hizmeti sunuyoruz.<\/span><\/p><p>The residence is comprised of 5 bedrooms, 2 master bathrooms, 4 on-suite guest bathrooms, 2 powder rooms, 2 offices, 2 dressing rooms, a media room, an oversized eat-in gourmet chef&#8217;s kitchen, and a sprawling 1,100 square-foot Great Room perfectly situated in the prime southwest corner of the floor.<\/p><p>The residence is comprised of 5 bedrooms, 2 master bathrooms, 4 on-suite guest bathrooms, 2 powder rooms, 2 offices, 2 dressing rooms, a media room, an oversized eat-in gourmet chef&#8217;s kitchen, and a sprawling 1,100 square-foot Great Room perfectly situated in the prime southwest corner of the floor.<\/p><\/div>\n\t\t\t\t<\/div>\n\t\t\t\t\t\t\t<div class=\"elementor-accordion-item\">\n\t\t\t\t\t<div id=\"elementor-tab-title-1524\" class=\"elementor-tab-title\" data-tab=\"4\" role=\"button\" aria-controls=\"elementor-tab-content-1524\" aria-expanded=\"false\">\n\t\t\t\t\t\t\t\t\t\t\t\t\t<span class=\"elementor-accordion-icon elementor-accordion-icon-left\" aria-hidden=\"true\">\n\t\t\t\t\t\t\t\t\t\t\t\t\t\t\t<span class=\"elementor-accordion-icon-closed\"><svg class=\"e-font-icon-svg e-fas-chevron-down\" viewbox=\"0 0 448 512\" xmlns=\"http:\/\/www.w3.org\/2000\/svg\"><path d=\"M207.029 381.476L12.686 187.132c-9.373-9.373-9.373-24.569 0-33.941l22.667-22.667c9.357-9.357 24.522-9.375 33.901-.04L224 284.505l154.745-154.021c9.379-9.335 24.544-9.317 33.901.04l22.667 22.667c9.373 9.373 9.373 24.569 0 33.941L240.971 381.476c-9.373 9.372-24.569 9.372-33.942 0z\"><\/path><\/svg><\/span>\n\t\t\t\t\t\t\t\t<span class=\"elementor-accordion-icon-opened\"><svg class=\"e-font-icon-svg e-fas-chevron-up\" viewbox=\"0 0 448 512\" xmlns=\"http:\/\/www.w3.org\/2000\/svg\"><path d=\"M240.971 130.524l194.343 194.343c9.373 9.373 9.373 24.569 0 33.941l-22.667 22.667c-9.357 9.357-24.522 9.375-33.901.04L224 227.495 69.255 381.516c-9.379 9.335-24.544 9.317-33.901-.04l-22.667-22.667c-9.373-9.373-9.373-24.569 0-33.941L207.03 130.525c9.372-9.373 24.568-9.373 33.941-.001z\"><\/path><\/svg><\/span>\n\t\t\t\t\t\t\t\t\t\t\t\t\t\t<\/span>\n\t\t\t\t\t\t\t\t\t\t\t\t<a class=\"elementor-accordion-title\" tabindex=\"0\">Yat\u0131r\u0131m ama\u00e7l\u0131 dan\u0131\u015fmanl\u0131k alabilir miyim?<\/a>\n\t\t\t\t\t<\/div>\n\t\t\t\t\t<div id=\"elementor-tab-content-1524\" class=\"elementor-tab-content elementor-clearfix\" data-tab=\"4\" role=\"region\" aria-labelledby=\"elementor-tab-title-1524\"><p class=\"FirstParagraph\"><span lang=\"EN-US\">Evet. Bireysel ve kurumsal yat\u0131r\u0131mc\u0131lar i\u00e7in lokasyon, getiri, risk ve de\u011fer art\u0131\u015f\u0131 odakl\u0131 dan\u0131\u015fmanl\u0131k hizmetimiz bulunmaktad\u0131r.<\/span><\/p><\/div>\n\t\t\t\t<\/div>\n\t\t\t\t\t\t\t<div class=\"elementor-accordion-item\">\n\t\t\t\t\t<div id=\"elementor-tab-title-1525\" class=\"elementor-tab-title\" data-tab=\"5\" role=\"button\" aria-controls=\"elementor-tab-content-1525\" aria-expanded=\"false\">\n\t\t\t\t\t\t\t\t\t\t\t\t\t<span class=\"elementor-accordion-icon elementor-accordion-icon-left\" aria-hidden=\"true\">\n\t\t\t\t\t\t\t\t\t\t\t\t\t\t\t<span class=\"elementor-accordion-icon-closed\"><svg class=\"e-font-icon-svg e-fas-chevron-down\" viewbox=\"0 0 448 512\" xmlns=\"http:\/\/www.w3.org\/2000\/svg\"><path d=\"M207.029 381.476L12.686 187.132c-9.373-9.373-9.373-24.569 0-33.941l22.667-22.667c9.357-9.357 24.522-9.375 33.901-.04L224 284.505l154.745-154.021c9.379-9.335 24.544-9.317 33.901.04l22.667 22.667c9.373 9.373 9.373 24.569 0 33.941L240.971 381.476c-9.373 9.372-24.569 9.372-33.942 0z\"><\/path><\/svg><\/span>\n\t\t\t\t\t\t\t\t<span class=\"elementor-accordion-icon-opened\"><svg class=\"e-font-icon-svg e-fas-chevron-up\" viewbox=\"0 0 448 512\" xmlns=\"http:\/\/www.w3.org\/2000\/svg\"><path d=\"M240.971 130.524l194.343 194.343c9.373 9.373 9.373 24.569 0 33.941l-22.667 22.667c-9.357 9.357-24.522 9.375-33.901.04L224 227.495 69.255 381.516c-9.379 9.335-24.544 9.317-33.901-.04l-22.667-22.667c-9.373-9.373-9.373-24.569 0-33.941L207.03 130.525c9.372-9.373 24.568-9.373 33.941-.001z\"><\/path><\/svg><\/span>\n\t\t\t\t\t\t\t\t\t\t\t\t\t\t<\/span>\n\t\t\t\t\t\t\t\t\t\t\t\t<a class=\"elementor-accordion-title\" tabindex=\"0\">Galaxy Ailesine nas\u0131l kat\u0131labilirim?<\/a>\n\t\t\t\t\t<\/div>\n\t\t\t\t\t<div id=\"elementor-tab-content-1525\" class=\"elementor-tab-content elementor-clearfix\" data-tab=\"5\" role=\"region\" aria-labelledby=\"elementor-tab-title-1525\"><p class=\"FirstParagraph\"><span lang=\"EN-US\">Web sitemizde yer alan ba\u015fvuru formunu doldurarak ekibimize kat\u0131l\u0131m s\u00fcrecini ba\u015flatabilirsiniz.<\/span><\/p><\/div>\n\t\t\t\t<\/div>\n\t\t\t\t\t\t\t\t<\/div>\n\t\t\t\t\t\t<\/div>\n\t\t\t\t\t<\/div>\n\t\t<\/div>\n\t\t\t\t\t<\/div>\n\t\t<\/section>\n\t\t\t\t<section class=\"elementor-section elementor-top-section elementor-element elementor-element-64a60b7 elementor-section-stretched elementor-section-content-middle elementor-section-boxed elementor-section-height-default elementor-section-height-default\" data-id=\"64a60b7\" data-element_type=\"section\" data-e-type=\"section\" data-settings=\"{&quot;stretch_section&quot;:&quot;section-stretched&quot;}\">\n\t\t\t\t\t\t<div class=\"elementor-container elementor-column-gap-no\">\n\t\t\t\t\t<div class=\"elementor-column elementor-col-100 elementor-top-column elementor-element elementor-element-522f7d4\" data-id=\"522f7d4\" data-element_type=\"column\" data-e-type=\"column\" data-settings=\"{&quot;background_background&quot;:&quot;classic&quot;}\">\n\t\t\t<div class=\"elementor-widget-wrap elementor-element-populated\">\n\t\t\t\t\t\t<section class=\"elementor-section elementor-inner-section elementor-element elementor-element-0f58dc4 elementor-section-boxed elementor-section-height-default elementor-section-height-default\" data-id=\"0f58dc4\" data-element_type=\"section\" data-e-type=\"section\">\n\t\t\t\t\t\t<div class=\"elementor-container elementor-column-gap-extended\">\n\t\t\t\t\t<div class=\"elementor-column elementor-col-33 elementor-inner-column elementor-element elementor-element-d162d9d elementor-invisible\" data-id=\"d162d9d\" data-element_type=\"column\" data-e-type=\"column\" data-settings=\"{&quot;animation&quot;:&quot;slide-right&quot;}\">\n\t\t\t<div class=\"elementor-widget-wrap elementor-element-populated\">\n\t\t\t\t\t\t<div class=\"elementor-element elementor-element-94ded64 elementor-widget elementor-widget-heading\" data-id=\"94ded64\" data-element_type=\"widget\" data-e-type=\"widget\" data-widget_type=\"heading.default\">\n\t\t\t\t\t<h2 class=\"elementor-heading-title elementor-size-default\">Do\u011fru Yat\u0131r\u0131m \u0130\u00e7in Do\u011fru Adrestesiniz<\/h2>\t\t\t\t<\/div>\n\t\t\t\t<div class=\"elementor-element elementor-element-1427186 elementor-widget elementor-widget-text-editor\" data-id=\"1427186\" data-element_type=\"widget\" data-e-type=\"widget\" data-widget_type=\"text-editor.default\">\n\t\t\t\t\t\t\t\t\t<p data-start=\"3724\" data-end=\"3836\">Gayrimenkul yat\u0131r\u0131mlar\u0131n\u0131z\u0131 g\u00fcvenli ve profesyonel bir \u015fekilde y\u00f6netmek i\u00e7in bizimle ileti\u015fime ge\u00e7in.<\/p>\t\t\t\t\t\t\t\t<\/div>\n\t\t\t\t\t<\/div>\n\t\t<\/div>\n\t\t\t\t<div class=\"elementor-column elementor-col-33 elementor-inner-column elementor-element elementor-element-fdc9b30\" data-id=\"fdc9b30\" data-element_type=\"column\" data-e-type=\"column\">\n\t\t\t<div class=\"elementor-widget-wrap elementor-element-populated\">\n\t\t\t\t\t\t<div class=\"elementor-element elementor-element-b4cec05 elementor-align-left elementor-invisible elementor-widget elementor-widget-button\" data-id=\"b4cec05\" data-element_type=\"widget\" data-e-type=\"widget\" data-settings=\"{&quot;_animation&quot;:&quot;slide-left&quot;,&quot;_animation_delay&quot;:200}\" data-widget_type=\"button.default\">\n\t\t\t\t\t\t\t\t\t\t<a class=\"elementor-button elementor-button-link elementor-size-md\" href=\"\/en\/iletisim\/\">\n\t\t\t\t\t\t<span class=\"elementor-button-content-wrapper\">\n\t\t\t\t\t\t<span class=\"elementor-button-icon\">\n\t\t\t\t<svg xmlns=\"http:\/\/www.w3.org\/2000\/svg\" width=\"16\" height=\"17\" viewbox=\"0 0 16 17\" fill=\"currentColor\"><path d=\"M15.5553 0.670898H5.77756C5.53189 0.670898 5.3331 0.86969 5.3331 1.11536C5.3331 1.36102 5.53189 1.55982 5.77756 1.55982H14.4824L0.129975 15.9122C-0.0436504 16.0859 -0.0436504 16.3671 0.129975 16.5407C0.216766 16.6275 0.330516 16.6709 0.444225 16.6709C0.557933 16.6709 0.671641 16.6275 0.758475 16.5407L15.1109 2.18827V10.8931C15.1109 11.1388 15.3097 11.3376 15.5553 11.3376C15.801 11.3376 15.9998 11.1388 15.9998 10.8931V1.11536C15.9998 0.86969 15.801 0.670898 15.5553 0.670898Z\" fill=\"currentColor\"><\/path><\/svg>\t\t\t<\/span>\n\t\t\t\t\t\t\t\t\t<span class=\"elementor-button-text\">Bize Ula\u015f\u0131n<\/span>\n\t\t\t\t\t<\/span>\n\t\t\t\t\t<\/a>\n\t\t\t\t\t\t\t\t<\/div>\n\t\t\t\t\t<\/div>\n\t\t<\/div>\n\t\t\t\t<div class=\"elementor-column elementor-col-33 elementor-inner-column elementor-element elementor-element-d7f7bcc\" data-id=\"d7f7bcc\" data-element_type=\"column\" data-e-type=\"column\">\n\t\t\t<div class=\"elementor-widget-wrap elementor-element-populated\">\n\t\t\t\t\t\t<div class=\"elementor-element elementor-element-ef28d4a elementor-invisible elementor-widget elementor-widget-button\" data-id=\"ef28d4a\" data-element_type=\"widget\" data-e-type=\"widget\" data-settings=\"{&quot;_animation&quot;:&quot;slide-left&quot;,&quot;_animation_delay&quot;:350}\" data-widget_type=\"button.default\">\n\t\t\t\t\t\t\t\t\t\t<a class=\"elementor-button elementor-button-link elementor-size-md\" href=\"tel:\u202a+905326701867\">\n\t\t\t\t\t\t<span class=\"elementor-button-content-wrapper\">\n\t\t\t\t\t\t<span class=\"elementor-button-icon\">\n\t\t\t\t<svg xmlns=\"http:\/\/www.w3.org\/2000\/svg\" width=\"16\" height=\"17\" viewbox=\"0 0 16 17\" fill=\"currentColor\"><path d=\"M15.35 10.5099L13.93 9.0899C13.6249 8.79862 13.2193 8.63609 12.7975 8.63609C12.3757 8.63609 11.9701 8.79862 11.665 9.0899L11.165 9.5899C10.8258 9.9279 10.3664 10.1177 9.88752 10.1177C9.40864 10.1177 8.94927 9.9279 8.61002 9.5899C8.22502 9.2049 7.98002 8.9449 7.73502 8.6899C7.49002 8.4349 7.23502 8.1599 6.83502 7.7649C6.49733 7.42651 6.30768 6.96797 6.30768 6.4899C6.30768 6.01184 6.49733 5.5533 6.83502 5.2149L7.33502 4.7149C7.48413 4.56693 7.60243 4.39089 7.6831 4.19693C7.76377 4.00298 7.80521 3.79496 7.80502 3.5849C7.80321 3.16105 7.63433 2.75502 7.33502 2.4549L5.91502 1.0249C5.51388 0.625479 4.97111 0.400822 4.40502 0.399902C4.12618 0.400313 3.85016 0.455729 3.59276 0.562977C3.33537 0.670225 3.10166 0.827196 2.90502 1.0249L1.55002 2.3699C0.573589 3.3477 0.0251465 4.67305 0.0251465 6.0549C0.0251465 7.43675 0.573589 8.76211 1.55002 9.7399C2.33002 10.5199 3.22002 11.3999 4.10502 12.3199C4.99002 13.2399 5.86002 14.0999 6.63502 14.8999C7.61261 15.8748 8.9369 16.4223 10.3175 16.4223C11.6982 16.4223 13.0224 15.8748 14 14.8999L15.35 13.5499C15.747 13.1512 15.9715 12.6125 15.975 12.0499C15.98 11.7643 15.9271 11.4807 15.8197 11.2161C15.7123 10.9515 15.5526 10.7113 15.35 10.5099ZM14.595 12.7749L14.45 12.8999L13 11.4449C12.9517 11.3899 12.8927 11.3454 12.8265 11.3141C12.7604 11.2828 12.6885 11.2654 12.6153 11.2631C12.5422 11.2607 12.4693 11.2733 12.4012 11.3002C12.3332 11.3271 12.2714 11.3677 12.2196 11.4195C12.1678 11.4712 12.1273 11.5331 12.1004 11.6011C12.0735 11.6692 12.0608 11.742 12.0632 11.8152C12.0656 11.8884 12.0829 11.9602 12.1142 12.0264C12.1455 12.0926 12.19 12.1516 12.245 12.1999L13.72 13.6749L13.27 14.1249C12.4921 14.9004 11.4385 15.3359 10.34 15.3359C9.24158 15.3359 8.18793 14.9004 7.41002 14.1249C6.64002 13.3549 5.76502 12.4649 4.91002 11.5749C4.05502 10.6849 3.13002 9.7699 2.35002 8.9899C1.57449 8.21199 1.139 7.15835 1.139 6.0599C1.139 4.96145 1.57449 3.90781 2.35002 3.1299L2.80002 2.6799L4.22502 4.1499C4.32448 4.25267 4.46069 4.31173 4.60369 4.31407C4.74668 4.31642 4.88475 4.26186 4.98752 4.1624C5.0903 4.06295 5.14935 3.92674 5.15169 3.78374C5.15404 3.64074 5.09948 3.50267 5.00002 3.3999L3.50002 1.8999L3.64502 1.7549C3.74356 1.65477 3.8611 1.57533 3.99075 1.52124C4.1204 1.46715 4.25954 1.4395 4.40002 1.4399C4.68348 1.44075 4.95502 1.55404 5.15502 1.7549L6.58002 3.1999C6.67893 3.2997 6.7346 3.4344 6.73502 3.5749C6.73509 3.64453 6.72143 3.71348 6.69483 3.77782C6.66824 3.84217 6.62922 3.90064 6.58002 3.9499L6.08002 4.4499C5.54265 4.98883 5.24088 5.71884 5.24088 6.4799C5.24088 7.24096 5.54265 7.97097 6.08002 8.5099C6.50002 8.8999 6.73002 9.1449 7.00002 9.3999C7.27002 9.6549 7.50002 9.9299 7.89502 10.3199C8.43395 10.8573 9.16396 11.159 9.92502 11.159C10.6861 11.159 11.4161 10.8573 11.955 10.3199L12.455 9.8199C12.5571 9.72356 12.6922 9.66989 12.8325 9.66989C12.9729 9.66989 13.1079 9.72356 13.21 9.8199L14.63 11.2399C14.7299 11.3386 14.8092 11.4562 14.8633 11.5858C14.9174 11.7154 14.9452 11.8545 14.945 11.9949C14.9425 12.1411 14.9101 12.2852 14.8499 12.4185C14.7897 12.5517 14.703 12.6713 14.595 12.7699V12.7749Z\" fill=\"currentColor\"><\/path><\/svg>\t\t\t<\/span>\n\t\t\t\t\t\t\t\t\t<span class=\"elementor-button-text\">+90 532 670 18 67<\/span>\n\t\t\t\t\t<\/span>\n\t\t\t\t\t<\/a>\n\t\t\t\t\t\t\t\t<\/div>\n\t\t\t\t\t<\/div>\n\t\t<\/div>\n\t\t\t\t\t<\/div>\n\t\t<\/section>\n\t\t\t\t\t<\/div>\n\t\t<\/div>\n\t\t\t\t\t<\/div>\n\t\t<\/section>\n\t\t\t\t<\/div>","protected":false},"excerpt":{"rendered":"<p>Galaxy Gayrimenkul Hakk\u0131nda Merak Ettikleriniz Galaxy Gayrimenkul hangi alanlarda hizmet verir? Konut, arsa, ticari gayrimenkul, l\u00fcks konut, kentsel d\u00f6n\u00fc\u015f\u00fcm, proje geli\u015ftirme, yat\u0131r\u0131m dan\u0131\u015fmanl\u0131\u011f\u0131, portf\u00f6y y\u00f6netimi, de\u011ferleme dan\u0131\u015fmanl\u0131\u011f\u0131, kredi s\u00fcre\u00e7leri ve sigorta hizmetleri d\u00e2hil olmak \u00fczere geni\u015f bir alanda hizmet sunar. Yaln\u0131zca sat\u0131\u015f m\u0131 yap\u0131yorsunuz? Hay\u0131r. Sat\u0131\u015f\u0131n yan\u0131 s\u0131ra kiralama, yat\u0131r\u0131m dan\u0131\u015fmanl\u0131\u011f\u0131, proje geli\u015ftirme, fizibilite, hukuki [&hellip;]<\/p>\n","protected":false},"author":1,"featured_media":0,"parent":0,"menu_order":0,"comment_status":"closed","ping_status":"closed","template":"","meta":{"inline_featured_image":false,"footnotes":""},"class_list":["post-5939","page","type-page","status-publish","hentry"],"_links":{"self":[{"href":"https:\/\/www.galaxygayrimenkul.com\/en\/wp-json\/wp\/v2\/pages\/5939","targetHints":{"allow":["GET"]}}],"collection":[{"href":"https:\/\/www.galaxygayrimenkul.com\/en\/wp-json\/wp\/v2\/pages"}],"about":[{"href":"https:\/\/www.galaxygayrimenkul.com\/en\/wp-json\/wp\/v2\/types\/page"}],"author":[{"embeddable":true,"href":"https:\/\/www.galaxygayrimenkul.com\/en\/wp-json\/wp\/v2\/users\/1"}],"replies":[{"embeddable":true,"href":"https:\/\/www.galaxygayrimenkul.com\/en\/wp-json\/wp\/v2\/comments?post=5939"}],"version-history":[{"count":7,"href":"https:\/\/www.galaxygayrimenkul.com\/en\/wp-json\/wp\/v2\/pages\/5939\/revisions"}],"predecessor-version":[{"id":6543,"href":"https:\/\/www.galaxygayrimenkul.com\/en\/wp-json\/wp\/v2\/pages\/5939\/revisions\/6543"}],"wp:attachment":[{"href":"https:\/\/www.galaxygayrimenkul.com\/en\/wp-json\/wp\/v2\/media?parent=5939"}],"curies":[{"name":"wp","href":"https:\/\/api.w.org\/{rel}","templated":true}]}}